{"id":9342,"date":"2024-07-31T14:16:16","date_gmt":"2024-07-31T12:16:16","guid":{"rendered":"https:\/\/alashotel.com\/servicios\/"},"modified":"2024-08-05T11:18:08","modified_gmt":"2024-08-05T09:18:08","slug":"services","status":"publish","type":"page","link":"https:\/\/alashotel.com\/en\/services\/","title":{"rendered":"Services"},"content":{"rendered":"[et_pb_section fb_built=&#8221;1&#8243; fullwidth=&#8221;on&#8221; _builder_version=&#8221;4.24.3&#8243; _module_preset=&#8221;default&#8221; background_image=&#8221;https:\/\/alashotel.com\/wp-content\/uploads\/2024\/07\/3R3A3651.jpg&#8221; custom_padding=&#8221;||||false|false&#8221; locked=&#8221;off&#8221; global_colors_info=&#8221;{}&#8221;][et_pb_fullwidth_slider _builder_version=&#8221;4.24.3&#8243; _module_preset=&#8221;default&#8221; background_image=&#8221;https:\/\/alashotel.com\/wp-content\/uploads\/2024\/07\/Slider.jpg&#8221; custom_padding=&#8221;300px||300px||true|false&#8221; global_colors_info=&#8221;{}&#8221;][et_pb_slide heading=&#8221;OUR SERVICES&#8221; use_bg_overlay=&#8221;on&#8221; bg_overlay_color=&#8221;rgba(0,0,0,0.11)&#8221; _builder_version=&#8221;4.24.3&#8243; _module_preset=&#8221;default&#8221; header_font=&#8221;|||on|||||&#8221; header_font_size=&#8221;50px&#8221; background_image=&#8221;https:\/\/alashotel.com\/wp-content\/uploads\/2024\/07\/3R3A3651.jpg&#8221; background_enable_image=&#8221;on&#8221; custom_padding=&#8221;||||true|false&#8221; global_colors_info=&#8221;{}&#8221; sticky_transition=&#8221;on&#8221;][\/et_pb_slide][\/et_pb_fullwidth_slider][\/et_pb_section][et_pb_section fb_built=&#8221;1&#8243; _builder_version=&#8221;4.24.3&#8243; _module_preset=&#8221;default&#8221; global_colors_info=&#8221;{}&#8221;][et_pb_row column_structure=&#8221;3_5,2_5&#8243; _builder_version=&#8221;4.24.3&#8243; _module_preset=&#8221;default&#8221; custom_margin=&#8221;|auto||auto|false|false&#8221; custom_padding=&#8221;||||false|false&#8221; global_colors_info=&#8221;{}&#8221;][et_pb_column type=&#8221;3_5&#8243; _builder_version=&#8221;4.16&#8243; _module_preset=&#8221;default&#8221; global_colors_info=&#8221;{}&#8221;][et_pb_text _builder_version=&#8221;4.24.3&#8243; _module_preset=&#8221;default&#8221; text_font=&#8221;|700|||||||&#8221; text_text_color=&#8221;#000000&#8243; text_font_size=&#8221;30px&#8221; text_line_height_tablet=&#8221;&#8221; text_line_height_phone=&#8221;1.1em&#8221; text_line_height_last_edited=&#8221;on|phone&#8221; locked=&#8221;off&#8221; global_colors_info=&#8221;{}&#8221;]\n<div class=\"et_pb_module et_pb_text et_pb_text_0  et_pb_text_align_left et_pb_bg_layout_light\">\n<div class=\"et_pb_text_inner\">\n<p>ALL SERVICES AT YOUR DISPOSAL<\/p>\n<\/div>\n<\/div>\n<div class=\"et_pb_module et_pb_blurb et_pb_blurb_0  et_pb_text_align_left  et_pb_blurb_position_left et_pb_bg_layout_light\">\n<div class=\"et_pb_blurb_content\">\n<div class=\"et_pb_main_blurb_image\"><\/div>\n<\/div>\n<\/div>\n[\/et_pb_text][et_pb_blurb title=&#8221;Facilities&#8221; use_icon=&#8221;on&#8221; font_icon=&#8221;&#xf562;||fa||900&#8243; icon_placement=&#8221;left&#8221; image_icon_width=&#8221;39px&#8221; _builder_version=&#8221;4.27.0&#8243; _module_preset=&#8221;default&#8221; header_text_color=&#8221;#ac0f74&#8243; global_colors_info=&#8221;{}&#8221;]\n<p style=\"text-align: justify;\"><span>Restaurant, Snack&amp;bar, terrace, garden, supermarket, laundry, gym\u2026 Everything inside ALAS Hotel to offer greater comfort to your stay.<\/span><\/p>\n[\/et_pb_blurb][et_pb_blurb title=&#8221;Activities&#8221; use_icon=&#8221;on&#8221; font_icon=&#8221;&#xf554;||fa||900&#8243; icon_placement=&#8221;left&#8221; image_icon_width=&#8221;49px&#8221; _builder_version=&#8221;4.27.0&#8243; _module_preset=&#8221;default&#8221; header_text_color=&#8221;#ac0f74&#8243; global_colors_info=&#8221;{}&#8221;]\n<p style=\"text-align: justify;\"><span>Very close to our facilities you can enjoy activities such as the beach, golf, gastronomic routes, tourist routes, etc. to complement your stay.<\/span><\/p>\n[\/et_pb_blurb][et_pb_blurb title=&#8221;Restaurant&#8221; use_icon=&#8221;on&#8221; font_icon=&#8221;&#xf2e7;||fa||900&#8243; icon_placement=&#8221;left&#8221; image_icon_width=&#8221;43px&#8221; _builder_version=&#8221;4.27.0&#8243; _module_preset=&#8221;default&#8221; header_text_color=&#8221;#ac0f74&#8243; global_colors_info=&#8221;{}&#8221;]\n<p style=\"text-align: justify;\"><span>In the Snack&amp;bar Cafeteria or in our Restaurant you can enjoy breakfast, lunch or dinner indoors or on the terrace in front of the hotel.<\/span><\/p>\n[\/et_pb_blurb][et_pb_blurb title=&#8221;\t Reception services&#8221; use_icon=&#8221;on&#8221; font_icon=&#8221;&#xf129;||fa||900&#8243; icon_placement=&#8221;left&#8221; image_icon_width=&#8221;49px&#8221; _builder_version=&#8221;4.27.0&#8243; _module_preset=&#8221;default&#8221; header_text_color=&#8221;#ac0f74&#8243; global_colors_info=&#8221;{}&#8221;]\n<p style=\"text-align: justify;\"><span>At the front desk you can ask any questions you may have: luggage storage, tourist information, express check-in and check-out, invoice request, etc.<\/span><\/p>\n[\/et_pb_blurb][et_pb_blurb title=&#8221;Cleaning service&#8221; use_icon=&#8221;on&#8221; font_icon=&#8221;&#xe06a;||fa||900&#8243; icon_placement=&#8221;left&#8221; image_icon_width=&#8221;49px&#8221; _builder_version=&#8221;4.27.0&#8243; _module_preset=&#8221;default&#8221; header_text_color=&#8221;#ac0f74&#8243; global_colors_info=&#8221;{}&#8221;]\n<p style=\"text-align: justify;\"><span>For your comfort, we offer daily room cleaning and dry cleaning service (for a fee).<\/span><\/p>\n[\/et_pb_blurb][\/et_pb_column][et_pb_column type=&#8221;2_5&#8243; _builder_version=&#8221;4.16&#8243; _module_preset=&#8221;default&#8221; global_colors_info=&#8221;{}&#8221;][et_pb_image src=&#8221;https:\/\/alashotel.com\/wp-content\/uploads\/2024\/07\/IMG_0371.jpg&#8221; title_text=&#8221;IMG_0371&#8243; _builder_version=&#8221;4.24.3&#8243; _module_preset=&#8221;default&#8221; global_colors_info=&#8221;{}&#8221;][\/et_pb_image][\/et_pb_column][\/et_pb_row][et_pb_row column_structure=&#8221;2_5,3_5&#8243; _builder_version=&#8221;4.24.3&#8243; _module_preset=&#8221;default&#8221; custom_margin=&#8221;|auto||auto|false|false&#8221; custom_padding=&#8221;||||false|false&#8221; global_colors_info=&#8221;{}&#8221;][et_pb_column type=&#8221;2_5&#8243; _builder_version=&#8221;4.16&#8243; _module_preset=&#8221;default&#8221; global_colors_info=&#8221;{}&#8221;][et_pb_image src=&#8221;https:\/\/alashotel.com\/wp-content\/uploads\/2024\/07\/IMG_0354.jpg&#8221; title_text=&#8221;IMG_0354&#8243; _builder_version=&#8221;4.24.3&#8243; _module_preset=&#8221;default&#8221; custom_margin_tablet=&#8221;&#8221; custom_margin_phone=&#8221;20px||||false|false&#8221; custom_margin_last_edited=&#8221;on|phone&#8221; global_colors_info=&#8221;{}&#8221;][\/et_pb_image][\/et_pb_column][et_pb_column type=&#8221;3_5&#8243; _builder_version=&#8221;4.16&#8243; _module_preset=&#8221;default&#8221; global_colors_info=&#8221;{}&#8221;][et_pb_blurb title=&#8221;Car services&#8221; use_icon=&#8221;on&#8221; font_icon=&#8221;&#xf1b9;||fa||900&#8243; icon_placement=&#8221;left&#8221; image_icon_width=&#8221;49px&#8221; _builder_version=&#8221;4.27.0&#8243; _module_preset=&#8221;default&#8221; header_text_color=&#8221;#ac0f74&#8243; global_colors_info=&#8221;{}&#8221;]\n<p style=\"text-align: justify;\"><span>Private parking with spaces reserved for people with reduced mobility, car wash, refueling station and vehicle refueling (electric, fuel, LNG, CNG and LPG).<\/span><\/p>\n[\/et_pb_blurb][et_pb_blurb title=&#8221;\t Security&#8221; use_icon=&#8221;on&#8221; font_icon=&#8221;&#xf03d;||fa||900&#8243; icon_placement=&#8221;left&#8221; image_icon_width=&#8221;42px&#8221; _builder_version=&#8221;4.27.0&#8243; _module_preset=&#8221;default&#8221; header_text_color=&#8221;#ac0f74&#8243; global_colors_info=&#8221;{}&#8221;]\n<p style=\"text-align: justify;\"><span>Equipped with security camera systems outside the lodge and in the common and outdoor areas, as well as smoke detectors, for your safety.<\/span><\/p>\n[\/et_pb_blurb][et_pb_blurb title=&#8221;Accessibility&#8221; use_icon=&#8221;on&#8221; font_icon=&#8221;&#xf193;||fa||900&#8243; icon_placement=&#8221;left&#8221; image_icon_width=&#8221;49px&#8221; _builder_version=&#8221;4.27.0&#8243; _module_preset=&#8221;default&#8221; header_text_color=&#8221;#ac0f74&#8243; global_colors_info=&#8221;{}&#8221;]\n<p style=\"text-align: justify;\"><span>Alas hotel has been designed without architectural barriers and has a room adapted for people with reduced mobility.<\/span><\/p>\n[\/et_pb_blurb][et_pb_blurb title=&#8221;Internet connection&#8221; use_icon=&#8221;on&#8221; font_icon=&#8221;&#xf1eb;||fa||900&#8243; icon_placement=&#8221;left&#8221; image_icon_width=&#8221;40px&#8221; font_icon_tablet=&#8221;\uf1eb||fa||900&#8243; font_icon_phone=&#8221;\uf1eb||fa||900&#8243; font_icon_last_edited=&#8221;on|desktop&#8221; _builder_version=&#8221;4.27.0&#8243; _module_preset=&#8221;default&#8221; header_text_color=&#8221;#ac0f74&#8243; global_colors_info=&#8221;{}&#8221;]\n<p style=\"text-align: justify;\"><span>Wi-Fi wireless Internet connection throughout the ALAS Hotel free of charge.<\/span><\/p>\n[\/et_pb_blurb][et_pb_image src=&#8221;https:\/\/alashotel.com\/wp-content\/uploads\/2024\/07\/logo_Hotel.png&#8221; title_text=&#8221;logo_Hotel&#8221; align=&#8221;center&#8221; _builder_version=&#8221;4.24.3&#8243; _module_preset=&#8221;default&#8221; width=&#8221;40%&#8221; width_tablet=&#8221;40%&#8221; width_phone=&#8221;100%&#8221; width_last_edited=&#8221;on|phone&#8221; custom_margin=&#8221;60px||||false|false&#8221; global_colors_info=&#8221;{}&#8221;][\/et_pb_image][\/et_pb_column][\/et_pb_row][et_pb_row _builder_version=&#8221;4.24.3&#8243; _module_preset=&#8221;default&#8221; custom_margin_tablet=&#8221;40px||||false|false&#8221; custom_margin_phone=&#8221;40px||||false|false&#8221; custom_margin_last_edited=&#8221;on|tablet&#8221; global_colors_info=&#8221;{}&#8221;][et_pb_column type=&#8221;4_4&#8243; _builder_version=&#8221;4.24.3&#8243; _module_preset=&#8221;default&#8221; global_colors_info=&#8221;{}&#8221;][et_pb_button button_url=&#8221;https:\/\/reservas.alasestaciones.com\/en\/start&#8221; url_new_window=&#8221;on&#8221; button_text=&#8221;BOOK NOW&#8221; button_alignment=&#8221;center&#8221; _builder_version=&#8221;4.27.0&#8243; _module_preset=&#8221;default&#8221; custom_button=&#8221;on&#8221; button_text_size=&#8221;26px&#8221; button_text_color=&#8221;#FFFFFF&#8221; button_bg_color=&#8221;#ac0f74&#8243; button_border_width=&#8221;0px&#8221; button_border_color=&#8221;RGBA(255,255,255,0)&#8221; button_border_radius=&#8221;13px&#8221; button_icon_color=&#8221;#FFFFFF&#8221; background_layout=&#8221;dark&#8221; custom_margin=&#8221;1px|||||&#8221; custom_margin_tablet=&#8221;1px|||||&#8221; custom_margin_phone=&#8221;40px||0px||false|false&#8221; custom_margin_last_edited=&#8221;on|phone&#8221; custom_padding=&#8221;6px|||||&#8221; locked=&#8221;off&#8221; global_colors_info=&#8221;{}&#8221;][\/et_pb_button][\/et_pb_column][\/et_pb_row][et_pb_row _builder_version=&#8221;4.24.3&#8243; _module_preset=&#8221;default&#8221; global_colors_info=&#8221;{}&#8221;][et_pb_column type=&#8221;4_4&#8243; _builder_version=&#8221;4.24.3&#8243; _module_preset=&#8221;default&#8221; global_colors_info=&#8221;{}&#8221;][et_pb_code _builder_version=&#8221;4.24.3&#8243; _module_preset=&#8221;default&#8221; global_colors_info=&#8221;{}&#8221;]<span class=\"collapseomatic \" id=\"id69dde4e120266\"  tabindex=\"0\" title=\"\"    ><\/span><div id=\"target-id69dde4e120266\" class=\"collapseomatic_content \"><!-- [et_pb_line_break_holder] --><a href=\"https:\/\/alasestaciones.com\/red-de-estaciones-de-servicio-alas\/\"><\/a><!-- [et_pb_line_break_holder] --><img alt=\"servicios\"><!-- [et_pb_line_break_holder] --><!-- [et_pb_line_break_holder] -->Con ALAS, su tranquilidad al momento de repostar nunca ser\u00e1 interrumpida. Nuestras estaciones de servicio est\u00e1n equipadas con un innovador sistema de repostaje autom\u00e1tico, disponible las 24 horas del d\u00eda, los 7 d\u00edas de la semana. Gracias a esta conveniente opci\u00f3n, puede llenar el dep\u00f3sito de su veh\u00edculo en cualquier momento, ya sea de d\u00eda o de noche, sin importar la hora.<!-- [et_pb_line_break_holder] --><!-- [et_pb_line_break_holder] -->Pero eso no es todo. En algunas de nuestras gasolineras, tambi\u00e9n ofrecemos un servicio personalizado, donde nuestro amable personal est\u00e1 siempre listo para brindarle la mejor atenci\u00f3n. Ya sea que necesite ayuda para repostar, informaci\u00f3n sobre nuestros productos o simplemente una sonrisa amistosa, nuestro equipo est\u00e1 aqu\u00ed para hacer que su experiencia sea a\u00fan m\u00e1s placentera.<!-- [et_pb_line_break_holder] --><!-- [et_pb_line_break_holder] -->Adem\u00e1s, nuestras estaciones de servicio cuentan con tiendas bien surtidas que ofrecen una amplia variedad de productos para hacer su viaje m\u00e1s c\u00f3modo y agradable. Desde bebidas y bocadillos hasta art\u00edculos de conveniencia y productos para el autom\u00f3vil, encontrar\u00e1 todo lo que necesita en nuestras tiendas, incluso en las horas m\u00e1s tard\u00edas.<!-- [et_pb_line_break_holder] --><!-- [et_pb_line_break_holder] -->Y para aquellos que desean mantener su veh\u00edculo impecable, tambi\u00e9n ofrecemos un servicio de autolavado de \u00faltima tecnolog\u00eda. Con equipos modernos y eficientes, puede confiar en que su autom\u00f3vil recibir\u00e1 un lavado completo y cuidadoso, dej\u00e1ndolo en perfecto estado para seguir adelante con su viaje.<!-- [et_pb_line_break_holder] --><!-- [et_pb_line_break_holder] -->En ALAS, nos esforzamos por ofrecer una experiencia de servicio completa y conveniente para todos nuestros clientes. Desde el repostaje sin complicaciones hasta la atenci\u00f3n personalizada y los servicios adicionales, estamos aqu\u00ed para ayudarlo en cada paso del camino. Conf\u00ede en ALAS para todas sus necesidades de combustible y m\u00e1s, y experimente la diferencia que nuestro compromiso con la excelencia puede hacer en su viaje.<!-- [et_pb_line_break_holder] --><!-- [et_pb_line_break_holder] --><\/div><!-- [et_pb_line_break_holder] -->[\/et_pb_code][\/et_pb_column][\/et_pb_row][\/et_pb_section]\n","protected":false},"excerpt":{"rendered":"<p>ALL SERVICES AT YOUR DISPOSAL Restaurant, Snack&amp;bar, terrace, garden, supermarket, laundry, gym\u2026 Everything inside ALAS Hotel to offer greater comfort to your stay.Very close to our facilities you can enjoy activities such as the beach, golf, gastronomic routes, tourist routes, etc. to complement your stay.In the Snack&amp;bar Cafeteria or in our Restaurant you can enjoy [&hellip;]<\/p>\n","protected":false},"author":1,"featured_media":0,"parent":0,"menu_order":0,"comment_status":"closed","ping_status":"closed","template":"","meta":{"_et_pb_use_builder":"on","_et_pb_old_content":"","_et_gb_content_width":"","footnotes":""},"class_list":["post-9342","page","type-page","status-publish","hentry"],"yoast_head":"<!-- This site is optimized with the Yoast SEO plugin v27.3 - https:\/\/yoast.com\/product\/yoast-seo-wordpress\/ -->\n<title>Services - ALAS Hotel | En pleno coraz\u00f3n de la Costa Dorada<\/title>\n<meta name=\"description\" content=\"Discover the exceptional services we offer at Alas Estaciones. Explore our range of services here.\" \/>\n<meta name=\"robots\" content=\"index, follow, max-snippet:-1, max-image-preview:large, max-video-preview:-1\" \/>\n<link rel=\"canonical\" href=\"https:\/\/alashotel.com\/en\/services\/\" \/>\n<meta property=\"og:locale\" content=\"en_US\" \/>\n<meta property=\"og:type\" content=\"article\" \/>\n<meta property=\"og:title\" content=\"Services - ALAS Hotel | En pleno coraz\u00f3n de la Costa Dorada\" \/>\n<meta property=\"og:description\" content=\"Discover the exceptional services we offer at Alas Estaciones. Explore our range of services here.\" \/>\n<meta property=\"og:url\" content=\"https:\/\/alashotel.com\/en\/services\/\" \/>\n<meta property=\"og:site_name\" content=\"ALAS Hotel | En pleno coraz\u00f3n de la Costa Dorada\" \/>\n<meta property=\"article:modified_time\" content=\"2024-08-05T09:18:08+00:00\" \/>\n<meta name=\"twitter:label1\" content=\"Est. reading time\" \/>\n\t<meta name=\"twitter:data1\" content=\"4 minutes\" \/>\n<script type=\"application\/ld+json\" class=\"yoast-schema-graph\">{\"@context\":\"https:\\\/\\\/schema.org\",\"@graph\":[{\"@type\":\"WebPage\",\"@id\":\"https:\\\/\\\/alashotel.com\\\/en\\\/services\\\/\",\"url\":\"https:\\\/\\\/alashotel.com\\\/en\\\/services\\\/\",\"name\":\"Services - ALAS Hotel | En pleno coraz\u00f3n de la Costa Dorada\",\"isPartOf\":{\"@id\":\"https:\\\/\\\/alashotel.com\\\/#website\"},\"datePublished\":\"2024-07-31T12:16:16+00:00\",\"dateModified\":\"2024-08-05T09:18:08+00:00\",\"description\":\"Discover the exceptional services we offer at Alas Estaciones. Explore our range of services here.\",\"breadcrumb\":{\"@id\":\"https:\\\/\\\/alashotel.com\\\/en\\\/services\\\/#breadcrumb\"},\"inLanguage\":\"en-US\",\"potentialAction\":[{\"@type\":\"ReadAction\",\"target\":[\"https:\\\/\\\/alashotel.com\\\/en\\\/services\\\/\"]}]},{\"@type\":\"BreadcrumbList\",\"@id\":\"https:\\\/\\\/alashotel.com\\\/en\\\/services\\\/#breadcrumb\",\"itemListElement\":[{\"@type\":\"ListItem\",\"position\":1,\"name\":\"Portada\",\"item\":\"https:\\\/\\\/alashotel.com\\\/\"},{\"@type\":\"ListItem\",\"position\":2,\"name\":\"Services\"}]},{\"@type\":\"WebSite\",\"@id\":\"https:\\\/\\\/alashotel.com\\\/#website\",\"url\":\"https:\\\/\\\/alashotel.com\\\/\",\"name\":\"ALAS Hotel | En pleno coraz\u00f3n de la Costa Dorada\",\"description\":\"Hotel Alas es un elegante y moderno hotel situado en la Costa Daurada, dedicado a ofrecer una experiencia de calidad y un servicio personalizado. Somos tu mejor opci\u00f3n para disfrutar de una estancia c\u00f3moda y memorable.\",\"potentialAction\":[{\"@type\":\"SearchAction\",\"target\":{\"@type\":\"EntryPoint\",\"urlTemplate\":\"https:\\\/\\\/alashotel.com\\\/?s={search_term_string}\"},\"query-input\":{\"@type\":\"PropertyValueSpecification\",\"valueRequired\":true,\"valueName\":\"search_term_string\"}}],\"inLanguage\":\"en-US\"}]}<\/script>\n<!-- \/ Yoast SEO plugin. -->","yoast_head_json":{"title":"Services - ALAS Hotel | En pleno coraz\u00f3n de la Costa Dorada","description":"Discover the exceptional services we offer at Alas Estaciones. Explore our range of services here.","robots":{"index":"index","follow":"follow","max-snippet":"max-snippet:-1","max-image-preview":"max-image-preview:large","max-video-preview":"max-video-preview:-1"},"canonical":"https:\/\/alashotel.com\/en\/services\/","og_locale":"en_US","og_type":"article","og_title":"Services - ALAS Hotel | En pleno coraz\u00f3n de la Costa Dorada","og_description":"Discover the exceptional services we offer at Alas Estaciones. Explore our range of services here.","og_url":"https:\/\/alashotel.com\/en\/services\/","og_site_name":"ALAS Hotel | En pleno coraz\u00f3n de la Costa Dorada","article_modified_time":"2024-08-05T09:18:08+00:00","twitter_misc":{"Est. reading time":"4 minutes"},"schema":{"@context":"https:\/\/schema.org","@graph":[{"@type":"WebPage","@id":"https:\/\/alashotel.com\/en\/services\/","url":"https:\/\/alashotel.com\/en\/services\/","name":"Services - ALAS Hotel | En pleno coraz\u00f3n de la Costa Dorada","isPartOf":{"@id":"https:\/\/alashotel.com\/#website"},"datePublished":"2024-07-31T12:16:16+00:00","dateModified":"2024-08-05T09:18:08+00:00","description":"Discover the exceptional services we offer at Alas Estaciones. Explore our range of services here.","breadcrumb":{"@id":"https:\/\/alashotel.com\/en\/services\/#breadcrumb"},"inLanguage":"en-US","potentialAction":[{"@type":"ReadAction","target":["https:\/\/alashotel.com\/en\/services\/"]}]},{"@type":"BreadcrumbList","@id":"https:\/\/alashotel.com\/en\/services\/#breadcrumb","itemListElement":[{"@type":"ListItem","position":1,"name":"Portada","item":"https:\/\/alashotel.com\/"},{"@type":"ListItem","position":2,"name":"Services"}]},{"@type":"WebSite","@id":"https:\/\/alashotel.com\/#website","url":"https:\/\/alashotel.com\/","name":"ALAS Hotel | En pleno coraz\u00f3n de la Costa Dorada","description":"Hotel Alas es un elegante y moderno hotel situado en la Costa Daurada, dedicado a ofrecer una experiencia de calidad y un servicio personalizado. Somos tu mejor opci\u00f3n para disfrutar de una estancia c\u00f3moda y memorable.","potentialAction":[{"@type":"SearchAction","target":{"@type":"EntryPoint","urlTemplate":"https:\/\/alashotel.com\/?s={search_term_string}"},"query-input":{"@type":"PropertyValueSpecification","valueRequired":true,"valueName":"search_term_string"}}],"inLanguage":"en-US"}]}},"_links":{"self":[{"href":"https:\/\/alashotel.com\/en\/wp-json\/wp\/v2\/pages\/9342","targetHints":{"allow":["GET"]}}],"collection":[{"href":"https:\/\/alashotel.com\/en\/wp-json\/wp\/v2\/pages"}],"about":[{"href":"https:\/\/alashotel.com\/en\/wp-json\/wp\/v2\/types\/page"}],"author":[{"embeddable":true,"href":"https:\/\/alashotel.com\/en\/wp-json\/wp\/v2\/users\/1"}],"replies":[{"embeddable":true,"href":"https:\/\/alashotel.com\/en\/wp-json\/wp\/v2\/comments?post=9342"}],"version-history":[{"count":6,"href":"https:\/\/alashotel.com\/en\/wp-json\/wp\/v2\/pages\/9342\/revisions"}],"predecessor-version":[{"id":9437,"href":"https:\/\/alashotel.com\/en\/wp-json\/wp\/v2\/pages\/9342\/revisions\/9437"}],"wp:attachment":[{"href":"https:\/\/alashotel.com\/en\/wp-json\/wp\/v2\/media?parent=9342"}],"curies":[{"name":"wp","href":"https:\/\/api.w.org\/{rel}","templated":true}]}}