{"id":9295,"date":"2024-07-31T14:41:28","date_gmt":"2024-07-31T12:41:28","guid":{"rendered":"https:\/\/alashotel.com\/instalaciones\/"},"modified":"2024-08-05T13:11:11","modified_gmt":"2024-08-05T11:11:11","slug":"instal%c2%b7lacions","status":"publish","type":"page","link":"https:\/\/alashotel.com\/ca\/instal%c2%b7lacions\/","title":{"rendered":"Instal\u00b7lacions"},"content":{"rendered":"[et_pb_section fb_built=&#8221;1&#8243; fullwidth=&#8221;on&#8221; _builder_version=&#8221;4.24.3&#8243; _module_preset=&#8221;default&#8221; custom_padding=&#8221;||||false|false&#8221; locked=&#8221;off&#8221; global_colors_info=&#8221;{}&#8221;][et_pb_fullwidth_slider _builder_version=&#8221;4.24.3&#8243; _module_preset=&#8221;default&#8221; background_image=&#8221;https:\/\/alashotel.com\/wp-content\/uploads\/2024\/07\/hotel.png&#8221; custom_padding=&#8221;300px||300px||true|false&#8221; global_colors_info=&#8221;{}&#8221;][et_pb_slide heading=&#8221;INSTAL\u00b7LACIONS&#8221; use_bg_overlay=&#8221;on&#8221; bg_overlay_color=&#8221;rgba(0,0,0,0.11)&#8221; _builder_version=&#8221;4.24.3&#8243; _module_preset=&#8221;default&#8221; header_font=&#8221;|||on|||||&#8221; header_font_size=&#8221;50px&#8221; background_image=&#8221;https:\/\/alashotel.com\/wp-content\/uploads\/2024\/07\/hotel-2.png&#8221; background_enable_image=&#8221;on&#8221; background_position=&#8221;top_left&#8221; custom_padding=&#8221;||||true|false&#8221; header_font_size_tablet=&#8221;50px&#8221; header_font_size_phone=&#8221;38px&#8221; header_font_size_last_edited=&#8221;on|phone&#8221; global_colors_info=&#8221;{}&#8221; sticky_transition=&#8221;on&#8221;][\/et_pb_slide][\/et_pb_fullwidth_slider][\/et_pb_section][et_pb_section fb_built=&#8221;1&#8243; _builder_version=&#8221;4.24.3&#8243; _module_preset=&#8221;default&#8221; global_colors_info=&#8221;{}&#8221;][et_pb_row _builder_version=&#8221;4.24.3&#8243; _module_preset=&#8221;default&#8221; custom_margin_tablet=&#8221;&#8221; custom_margin_phone=&#8221;-28px||||false|false&#8221; custom_margin_last_edited=&#8221;on|phone&#8221; global_colors_info=&#8221;{}&#8221;][et_pb_column type=&#8221;4_4&#8243; _builder_version=&#8221;4.24.3&#8243; _module_preset=&#8221;default&#8221; global_colors_info=&#8221;{}&#8221;][et_pb_text admin_label=&#8221;Text&#8221; _builder_version=&#8221;4.27.0&#8243; _module_preset=&#8221;default&#8221; background_size=&#8221;initial&#8221; background_position=&#8221;top_left&#8221; background_repeat=&#8221;repeat&#8221; use_border_color=&#8221;off&#8221; border_style=&#8221;solid&#8221; global_colors_info=&#8221;{}&#8221;]\n<h2 style=\"text-align: justify;\"><b>GIMN\u00c0S<\/b>:<\/h2>\n<p style=\"text-align: justify;\">Per a \u00fas exclusiu dels nostres clients,<span>\u00a0<\/span><strong>ALAS HOTEL<\/strong><span>\u00a0<\/span>compta amb un gimn\u00e0s situat en la primera planta. \u00c9s un espai dissenyat per a oblidar-se de l\u2019estr\u00e8s i mantenir-se en forma. Aquest espai est\u00e0 dedicat a aquells que desitgen mantenir-se actius, ja estiguin de viatge per treball o de vacances. Sempre pensant en la seva salut i benestar.<\/p>\n<p style=\"text-align: justify;\">Quant a<span>\u00a0<\/span><strong>l\u2019equipament<\/strong>, trobar\u00e0 bicicletes est\u00e0tiques, m\u00e0quines de step, cintes de c\u00f3rrer, pesos i una m\u00e0quina multifunci\u00f3 perqu\u00e8 pugui realitzar una varietat d\u2019exercicis segons les seves necessitats i prefer\u00e8ncies.<\/p>\n[\/et_pb_text][et_pb_gallery gallery_ids=&#8221;8303,8306,8309,8312&#8243; orientation=&#8221;portrait&#8221; show_title_and_caption=&#8221;off&#8221; show_pagination=&#8221;off&#8221; disabled_on=&#8221;off|on|off&#8221; _builder_version=&#8221;4.24.3&#8243; _module_preset=&#8221;default&#8221; transform_translate_linked=&#8221;off&#8221; custom_css_free_form=&#8221;||&#8221; global_colors_info=&#8221;{}&#8221;][\/et_pb_gallery][et_pb_gallery gallery_ids=&#8221;137,138,139,140&#8243; orientation=&#8221;portrait&#8221; show_title_and_caption=&#8221;off&#8221; show_pagination=&#8221;off&#8221; disabled_on=&#8221;on|on|off&#8221; _builder_version=&#8221;4.27.0&#8243; _module_preset=&#8221;default&#8221; transform_translate_linked=&#8221;off&#8221; custom_css_free_form=&#8221;||&#8221; global_colors_info=&#8221;{}&#8221;][\/et_pb_gallery][et_pb_gallery gallery_ids=&#8221;137,138,139,140&#8243; fullwidth=&#8221;on&#8221; disabled_on=&#8221;off|off|on&#8221; _builder_version=&#8221;4.27.0&#8243; _module_preset=&#8221;default&#8221; transform_translate_linked=&#8221;off&#8221; custom_css_free_form=&#8221;||&#8221; global_colors_info=&#8221;{}&#8221;][\/et_pb_gallery][\/et_pb_column][\/et_pb_row][et_pb_row column_structure=&#8221;1_2,1_2&#8243; _builder_version=&#8221;4.24.3&#8243; _module_preset=&#8221;default&#8221; global_colors_info=&#8221;{}&#8221;][et_pb_column type=&#8221;1_2&#8243; _builder_version=&#8221;4.24.3&#8243; _module_preset=&#8221;default&#8221; custom_padding_tablet=&#8221;&#8221; custom_padding_phone=&#8221;&#8221; custom_padding_last_edited=&#8221;on|phone&#8221; global_colors_info=&#8221;{}&#8221;][et_pb_text admin_label=&#8221;Text&#8221; _builder_version=&#8221;4.27.0&#8243; _module_preset=&#8221;default&#8221; background_size=&#8221;initial&#8221; background_position=&#8221;top_left&#8221; background_repeat=&#8221;repeat&#8221; module_alignment=&#8221;center&#8221; custom_margin=&#8221;113px||||false|false&#8221; custom_margin_tablet=&#8221;20px||||false|false&#8221; custom_margin_phone=&#8221;30px||||false|false&#8221; custom_margin_last_edited=&#8221;on|phone&#8221; use_border_color=&#8221;off&#8221; border_style=&#8221;solid&#8221; global_colors_info=&#8221;{}&#8221;]\n<h2>P\u00c0RQUING:<\/h2>\n<p style=\"text-align: justify;\">Posem a la disposici\u00f3 dels nostres clients un p\u00e0rquing privat gratu\u00eft, amb un ampli ventall de serveis. A m\u00e9s, comptem amb places reservades per a persones amb mobilitat redu\u00efda, garantint aix\u00ed, l&#8217;accessiblitat i comoditat per a tots els nostres clients.<\/p>\n[\/et_pb_text][\/et_pb_column][et_pb_column type=&#8221;1_2&#8243; _builder_version=&#8221;4.24.3&#8243; _module_preset=&#8221;default&#8221; global_colors_info=&#8221;{}&#8221;][et_pb_image src=&#8221;https:\/\/alashotel.com\/wp-content\/uploads\/2024\/07\/3R3A3856-3-1.jpg&#8221; title_text=&#8221;3R3A3856 (3)&#8221; _builder_version=&#8221;4.24.3&#8243; _module_preset=&#8221;default&#8221; width=&#8221;100%&#8221; custom_margin=&#8221;|436px|||false|false&#8221; custom_margin_tablet=&#8221;|436px|||false|false&#8221; custom_margin_phone=&#8221;||30px||false|false&#8221; custom_margin_last_edited=&#8221;on|phone&#8221; global_colors_info=&#8221;{}&#8221;][\/et_pb_image][\/et_pb_column][\/et_pb_row][\/et_pb_section][et_pb_section fb_built=&#8221;1&#8243; _builder_version=&#8221;4.24.3&#8243; _module_preset=&#8221;default&#8221; background_image=&#8221;https:\/\/alashotel.com\/wp-content\/uploads\/2024\/07\/3R3A2462.jpg&#8221; custom_padding=&#8221;200px||200px||true|false&#8221; locked=&#8221;off&#8221; global_colors_info=&#8221;{}&#8221;][et_pb_row _builder_version=&#8221;4.24.3&#8243; _module_preset=&#8221;default&#8221; global_colors_info=&#8221;{}&#8221;][et_pb_column type=&#8221;4_4&#8243; _builder_version=&#8221;4.24.3&#8243; _module_preset=&#8221;default&#8221; global_colors_info=&#8221;{}&#8221;][et_pb_text _builder_version=&#8221;4.24.3&#8243; _module_preset=&#8221;default&#8221; text_font=&#8221;|700||on|||||&#8221; text_text_color=&#8221;#FFFFFF&#8221; text_font_size=&#8221;50px&#8221; text_orientation=&#8221;center&#8221; text_text_shadow_style=&#8221;preset1&#8243; global_colors_info=&#8221;{}&#8221;][\/et_pb_text][\/et_pb_column][\/et_pb_row][\/et_pb_section][et_pb_section fb_built=&#8221;1&#8243; _builder_version=&#8221;4.24.3&#8243; _module_preset=&#8221;default&#8221; global_colors_info=&#8221;{}&#8221;][et_pb_row _builder_version=&#8221;4.24.3&#8243; _module_preset=&#8221;default&#8221; global_colors_info=&#8221;{}&#8221;][et_pb_column type=&#8221;4_4&#8243; _builder_version=&#8221;4.24.3&#8243; _module_preset=&#8221;default&#8221; global_colors_info=&#8221;{}&#8221;][et_pb_text admin_label=&#8221;Text&#8221; _builder_version=&#8221;4.27.0&#8243; _module_preset=&#8221;default&#8221; background_size=&#8221;initial&#8221; background_position=&#8221;top_left&#8221; background_repeat=&#8221;repeat&#8221; custom_margin=&#8221;||||false|false&#8221; use_border_color=&#8221;off&#8221; border_style=&#8221;solid&#8221; global_colors_info=&#8221;{}&#8221;]\n<h2 style=\"text-align: justify;\"><b>TENDA<\/b>:<\/h2>\n<p style=\"text-align: justify;\">La nostra botiga est\u00e0 enfocada a atendre un ampli rang de clients, oferint-los un tracte pr\u00f2xim i familiar.<\/p>\n<p style=\"text-align: justify;\">Disposem d\u2019un extens cat\u00e0leg de productes tant d\u2019alimentaci\u00f3 com d\u2019higiene i productes per a l\u2019autom\u00f2bil. Trobar\u00e0 una gran varietat de productes amb la millor relaci\u00f3 qualitat, preu en el nostre establiment.<\/p>\n[\/et_pb_text][et_pb_gallery gallery_ids=&#8221;141,133,142,143&#8243; orientation=&#8221;portrait&#8221; show_title_and_caption=&#8221;off&#8221; show_pagination=&#8221;off&#8221; disabled_on=&#8221;on|on|off&#8221; _builder_version=&#8221;4.27.0&#8243; _module_preset=&#8221;default&#8221; transform_translate_linked=&#8221;off&#8221; width=&#8221;100%&#8221; module_alignment=&#8221;center&#8221; custom_margin_tablet=&#8221;&#8221; custom_margin_phone=&#8221;42px||||false|false&#8221; custom_margin_last_edited=&#8221;on|phone&#8221; hover_enabled=&#8221;0&#8243; custom_css_free_form=&#8221;||&#8221; global_colors_info=&#8221;{}&#8221; sticky_enabled=&#8221;0&#8243;][\/et_pb_gallery][et_pb_gallery gallery_ids=&#8221;141,133,142,143&#8243; fullwidth=&#8221;on&#8221; disabled_on=&#8221;off|off|on&#8221; _builder_version=&#8221;4.27.0&#8243; _module_preset=&#8221;default&#8221; transform_translate_linked=&#8221;off&#8221; width=&#8221;100%&#8221; module_alignment=&#8221;center&#8221; custom_margin_tablet=&#8221;&#8221; custom_margin_phone=&#8221;42px||||false|false&#8221; custom_margin_last_edited=&#8221;on|phone&#8221; custom_css_free_form=&#8221;||&#8221; global_colors_info=&#8221;{}&#8221;][\/et_pb_gallery][\/et_pb_column][\/et_pb_row][et_pb_row column_structure=&#8221;1_2,1_2&#8243; _builder_version=&#8221;4.24.3&#8243; _module_preset=&#8221;default&#8221; custom_padding=&#8221;27px|||||&#8221; global_colors_info=&#8221;{}&#8221;][et_pb_column type=&#8221;1_2&#8243; _builder_version=&#8221;4.24.3&#8243; _module_preset=&#8221;default&#8221; global_colors_info=&#8221;{}&#8221;][et_pb_text admin_label=&#8221;Text&#8221; _builder_version=&#8221;4.27.0&#8243; _module_preset=&#8221;default&#8221; background_size=&#8221;initial&#8221; background_position=&#8221;top_left&#8221; background_repeat=&#8221;repeat&#8221; custom_margin=&#8221;61px||||false|false&#8221; custom_margin_tablet=&#8221;20px||||false|false&#8221; custom_margin_phone=&#8221;0px||||false|false&#8221; custom_margin_last_edited=&#8221;on|phone&#8221; use_border_color=&#8221;off&#8221; border_style=&#8221;solid&#8221; global_colors_info=&#8221;{}&#8221;]\n<h2 style=\"text-align: justify;\"><b>LAVANDERIA<\/b>:<\/h2>\n<p style=\"text-align: justify;\">A ALAS \u00c0rea de Servei posem a la seva disposici\u00f3 el servei d\u2019auto bugaderia amb productes de qualitat destinats a la neteja i la cura de la roba. El nostre personal de manteniment s\u2019encarrega de la neteja i desinfecci\u00f3 di\u00e0ria d\u2019aquestes instal\u00b7lacions per a garantir el resultat \u00f2ptim de la seva roba.<\/p>\n<p style=\"text-align: justify;\">A m\u00e9s, disposem de diverses assecadores i una zona de doblegat, que li permetr\u00e0 portar la seva roba en perfectes condicions.<\/p>\n<p style=\"text-align: justify;\">La nostra bugaderia est\u00e0 situada al costat de la cafeteria<span>\u00a0<\/span><strong>Ginkgo Grill<\/strong><span>\u00a0<\/span>per a qu\u00e8 l\u2019espera mentre renta la seva roba li resulti m\u00e9s amena.<\/p>\n[\/et_pb_text][\/et_pb_column][et_pb_column type=&#8221;1_2&#8243; _builder_version=&#8221;4.24.3&#8243; _module_preset=&#8221;default&#8221; global_colors_info=&#8221;{}&#8221;][et_pb_image src=&#8221;https:\/\/alashotel.com\/wp-content\/uploads\/2024\/07\/3R3A2467-copia.jpg&#8221; title_text=&#8221;3R3A3856 (3)&#8221; _builder_version=&#8221;4.24.3&#8243; _module_preset=&#8221;default&#8221; width=&#8221;100%&#8221; custom_margin=&#8221;|436px||||&#8221; global_colors_info=&#8221;{}&#8221;][\/et_pb_image][\/et_pb_column][\/et_pb_row][\/et_pb_section][et_pb_section fb_built=&#8221;1&#8243; _builder_version=&#8221;4.24.3&#8243; _module_preset=&#8221;default&#8221; background_image=&#8221;https:\/\/alashotel.com\/wp-content\/uploads\/2024\/07\/Alas-Night-_0048-Pano.jpg&#8221; custom_padding=&#8221;200px||200px||true|false&#8221; locked=&#8221;off&#8221; global_colors_info=&#8221;{}&#8221;][et_pb_row _builder_version=&#8221;4.24.3&#8243; _module_preset=&#8221;default&#8221; global_colors_info=&#8221;{}&#8221;][et_pb_column type=&#8221;4_4&#8243; _builder_version=&#8221;4.24.3&#8243; _module_preset=&#8221;default&#8221; global_colors_info=&#8221;{}&#8221;][et_pb_text _builder_version=&#8221;4.24.3&#8243; _module_preset=&#8221;default&#8221; text_font=&#8221;|700||on|||||&#8221; text_text_color=&#8221;#FFFFFF&#8221; text_font_size=&#8221;50px&#8221; text_orientation=&#8221;center&#8221; text_text_shadow_style=&#8221;preset1&#8243; global_colors_info=&#8221;{}&#8221;][\/et_pb_text][\/et_pb_column][\/et_pb_row][\/et_pb_section][et_pb_section fb_built=&#8221;1&#8243; _builder_version=&#8221;4.24.3&#8243; _module_preset=&#8221;default&#8221; global_colors_info=&#8221;{}&#8221;][et_pb_row _builder_version=&#8221;4.24.3&#8243; _module_preset=&#8221;default&#8221; global_colors_info=&#8221;{}&#8221;][et_pb_column type=&#8221;4_4&#8243; _builder_version=&#8221;4.24.3&#8243; _module_preset=&#8221;default&#8221; global_colors_info=&#8221;{}&#8221;][et_pb_text admin_label=&#8221;Text&#8221; _builder_version=&#8221;4.27.0&#8243; _module_preset=&#8221;default&#8221; background_size=&#8221;initial&#8221; background_position=&#8221;top_left&#8221; background_repeat=&#8221;repeat&#8221; custom_margin=&#8221;||||false|false&#8221; custom_padding=&#8221;||||false|false&#8221; use_border_color=&#8221;off&#8221; border_style=&#8221;solid&#8221; global_colors_info=&#8221;{}&#8221;]\n<h2 style=\"text-align: justify;\"><b>ESTACI\u00d3 DE SERVEI<\/b>:<\/h2>\n<div class=\"traductor-textarea form-group\">\n<div class=\"textarea-desti col-xs-12 col-sm-6\">\n<div class=\"form-control second-textarea\" style=\"text-align: justify;\"><span>A la nostra estaci\u00f3 de servei pot repostar les\u00a0<strong>24 hores del dia els 7 dies de la setmana.<\/strong>\u00a0En ella no sols proporcionem els combustibles tradicionals com a gasolina i di\u00e8sel, sin\u00f3 que tamb\u00e9 compta amb instal\u00b7lacions per a la c\u00e0rrega de vehicles el\u00e8ctrics, aix\u00ed com subministrament de gas natural liquat, gas natural comprimit i gas liquat del petroli, oferint aix\u00ed una alternativa m\u00e9s ecol\u00f2gica i sostenible.<\/span><\/div>\n<\/div>\n<\/div>\n[\/et_pb_text][\/et_pb_column][\/et_pb_row][et_pb_row column_structure=&#8221;1_2,1_2&#8243; _builder_version=&#8221;4.24.3&#8243; _module_preset=&#8221;default&#8221; global_colors_info=&#8221;{}&#8221;][et_pb_column type=&#8221;1_2&#8243; _builder_version=&#8221;4.24.3&#8243; _module_preset=&#8221;default&#8221; global_colors_info=&#8221;{}&#8221;][et_pb_text admin_label=&#8221;Text&#8221; _builder_version=&#8221;4.27.0&#8243; _module_preset=&#8221;default&#8221; background_size=&#8221;initial&#8221; background_position=&#8221;top_left&#8221; background_repeat=&#8221;repeat&#8221; custom_margin=&#8221;83px||||false|false&#8221; custom_margin_tablet=&#8221;20px||||false|false&#8221; custom_margin_phone=&#8221;30px||41px||false|false&#8221; custom_margin_last_edited=&#8221;on|phone&#8221; custom_padding=&#8221;||0px|||&#8221; use_border_color=&#8221;off&#8221; border_style=&#8221;solid&#8221; global_colors_info=&#8221;{}&#8221;]\n<h2 style=\"text-align: justify;\"><b>RENTAT DE COTXES<\/b>:<\/h2>\n<p style=\"text-align: justify;\">A Alas Estaciones, ens preocupem per la cura del teu vehicle tant per dins com per fora. Per aix\u00f2, disposem d\u2019un safareig de cotxes manual i autom\u00e0tic per a mantenir el seu vehicle impecable en tot moment.<\/p>\n<p style=\"text-align: justify;\">Ja sigui despr\u00e9s d\u2019un viatge llarg o simplement per a mantenir el seu cotxe lluent, el nostre personal est\u00e0 per a brindar-li la millor atenci\u00f3.<\/p>\n[\/et_pb_text][\/et_pb_column][et_pb_column type=&#8221;1_2&#8243; _builder_version=&#8221;4.24.3&#8243; _module_preset=&#8221;default&#8221; global_colors_info=&#8221;{}&#8221;][et_pb_image src=&#8221;https:\/\/alashotel.com\/wp-content\/uploads\/2024\/07\/ff.png&#8221; _builder_version=&#8221;4.24.3&#8243; _module_preset=&#8221;default&#8221; custom_margin=&#8221;||||false|false&#8221; custom_margin_tablet=&#8221;||||false|false&#8221; custom_margin_phone=&#8221;-30px||||false|false&#8221; custom_margin_last_edited=&#8221;on|phone&#8221; global_colors_info=&#8221;{}&#8221;][\/et_pb_image][\/et_pb_column][\/et_pb_row][et_pb_row _builder_version=&#8221;4.24.3&#8243; _module_preset=&#8221;default&#8221; global_colors_info=&#8221;{}&#8221;][et_pb_column type=&#8221;4_4&#8243; _builder_version=&#8221;4.24.3&#8243; _module_preset=&#8221;default&#8221; global_colors_info=&#8221;{}&#8221;][et_pb_code _builder_version=&#8221;4.27.0&#8243; _module_preset=&#8221;default&#8221; global_colors_info=&#8221;{}&#8221;]<span class=\"collapseomatic \" id=\"id69e1680bd6f18\"  tabindex=\"0\" title=\"\"    ><\/span><div id=\"target-id69e1680bd6f18\" class=\"collapseomatic_content \"><!-- [et_pb_line_break_holder] --><a href=\"https:\/\/es.wikipedia.org\/wiki\/Estaci%C3%B3n_de_servicio\"><\/a><!-- [et_pb_line_break_holder] --><img alt=\"instal\u00b7lacions\"><!-- [et_pb_line_break_holder] --><img alt=\"instal\u00b7lacions\"><!-- [et_pb_line_break_holder] --><img alt=\"instal\u00b7lacions\"><!-- [et_pb_line_break_holder] --><img alt=\"instal\u00b7lacions\"><!-- [et_pb_line_break_holder] --><img alt=\"instal\u00b7lacions\"><!-- [et_pb_line_break_holder] --><img alt=\"instal\u00b7lacions\"><!-- [et_pb_line_break_holder] --><img alt=\"instal\u00b7lacions\"><!-- [et_pb_line_break_holder] --><img alt=\"instal\u00b7lacions\"><!-- [et_pb_line_break_holder] --><img alt=\"instal\u00b7lacions\"><!-- [et_pb_line_break_holder] --><img alt=\"instal\u00b7lacions\"><!-- [et_pb_line_break_holder] --><!-- [et_pb_line_break_holder] --><!-- [et_pb_line_break_holder] --><\/div><!-- [et_pb_line_break_holder] -->[\/et_pb_code][\/et_pb_column][\/et_pb_row][\/et_pb_section]\n","protected":false},"excerpt":{"rendered":"<p>GIMN\u00c0S: Per a \u00fas exclusiu dels nostres clients,\u00a0ALAS HOTEL\u00a0compta amb un gimn\u00e0s situat en la primera planta. \u00c9s un espai dissenyat per a oblidar-se de l\u2019estr\u00e8s i mantenir-se en forma. Aquest espai est\u00e0 dedicat a aquells que desitgen mantenir-se actius, ja estiguin de viatge per treball o de vacances. Sempre pensant en la seva salut [&hellip;]<\/p>\n","protected":false},"author":1,"featured_media":0,"parent":0,"menu_order":0,"comment_status":"closed","ping_status":"closed","template":"","meta":{"_et_pb_use_builder":"on","_et_pb_old_content":"","_et_gb_content_width":"","footnotes":""},"class_list":["post-9295","page","type-page","status-publish","hentry"],"yoast_head":"<!-- This site is optimized with the Yoast SEO plugin v27.4 - https:\/\/yoast.com\/product\/yoast-seo-wordpress\/ -->\n<title>Instal\u00b7lacions - ALAS Hotel | En pleno coraz\u00f3n de la Costa Dorada<\/title>\n<meta name=\"description\" content=\"Explora les instal\u00b7lacions d&#039;Alas Hotel i submergeix-te en la comoditat a la Costa Daurada. Troba tot el que necessites!\" \/>\n<meta name=\"robots\" content=\"index, follow, max-snippet:-1, max-image-preview:large, max-video-preview:-1\" \/>\n<link rel=\"canonical\" href=\"https:\/\/alashotel.com\/instalaciones\/\" \/>\n<meta property=\"og:locale\" content=\"ca_ES\" \/>\n<meta property=\"og:type\" content=\"article\" \/>\n<meta property=\"og:title\" content=\"Instal\u00b7lacions - ALAS Hotel | En pleno coraz\u00f3n de la Costa Dorada\" \/>\n<meta property=\"og:description\" content=\"Explora les instal\u00b7lacions d&#039;Alas Hotel i submergeix-te en la comoditat a la Costa Daurada. Troba tot el que necessites!\" \/>\n<meta property=\"og:url\" content=\"https:\/\/alashotel.com\/instalaciones\/\" \/>\n<meta property=\"og:site_name\" content=\"ALAS Hotel | En pleno coraz\u00f3n de la Costa Dorada\" \/>\n<meta property=\"article:modified_time\" content=\"2024-08-05T11:11:11+00:00\" \/>\n<meta name=\"twitter:label1\" content=\"Temps estimat de lectura\" \/>\n\t<meta name=\"twitter:data1\" content=\"7 minuts\" \/>\n<script type=\"application\/ld+json\" class=\"yoast-schema-graph\">{\"@context\":\"https:\\\/\\\/schema.org\",\"@graph\":[{\"@type\":\"WebPage\",\"@id\":\"https:\\\/\\\/alashotel.com\\\/instalaciones\\\/\",\"url\":\"https:\\\/\\\/alashotel.com\\\/instalaciones\\\/\",\"name\":\"Instal\u00b7lacions - ALAS Hotel | En pleno coraz\u00f3n de la Costa Dorada\",\"isPartOf\":{\"@id\":\"https:\\\/\\\/alashotel.com\\\/#website\"},\"datePublished\":\"2024-07-31T12:41:28+00:00\",\"dateModified\":\"2024-08-05T11:11:11+00:00\",\"description\":\"Explora les instal\u00b7lacions d'Alas Hotel i submergeix-te en la comoditat a la Costa Daurada. Troba tot el que necessites!\",\"breadcrumb\":{\"@id\":\"https:\\\/\\\/alashotel.com\\\/instalaciones\\\/#breadcrumb\"},\"inLanguage\":\"ca\",\"potentialAction\":[{\"@type\":\"ReadAction\",\"target\":[\"https:\\\/\\\/alashotel.com\\\/instalaciones\\\/\"]}]},{\"@type\":\"BreadcrumbList\",\"@id\":\"https:\\\/\\\/alashotel.com\\\/instalaciones\\\/#breadcrumb\",\"itemListElement\":[{\"@type\":\"ListItem\",\"position\":1,\"name\":\"Portada\",\"item\":\"https:\\\/\\\/alashotel.com\\\/\"},{\"@type\":\"ListItem\",\"position\":2,\"name\":\"Instal\u00b7lacions\"}]},{\"@type\":\"WebSite\",\"@id\":\"https:\\\/\\\/alashotel.com\\\/#website\",\"url\":\"https:\\\/\\\/alashotel.com\\\/\",\"name\":\"ALAS Hotel | En pleno coraz\u00f3n de la Costa Dorada\",\"description\":\"Hotel Alas es un elegante y moderno hotel situado en la Costa Daurada, dedicado a ofrecer una experiencia de calidad y un servicio personalizado. Somos tu mejor opci\u00f3n para disfrutar de una estancia c\u00f3moda y memorable.\",\"potentialAction\":[{\"@type\":\"SearchAction\",\"target\":{\"@type\":\"EntryPoint\",\"urlTemplate\":\"https:\\\/\\\/alashotel.com\\\/?s={search_term_string}\"},\"query-input\":{\"@type\":\"PropertyValueSpecification\",\"valueRequired\":true,\"valueName\":\"search_term_string\"}}],\"inLanguage\":\"ca\"}]}<\/script>\n<!-- \/ Yoast SEO plugin. -->","yoast_head_json":{"title":"Instal\u00b7lacions - ALAS Hotel | En pleno coraz\u00f3n de la Costa Dorada","description":"Explora les instal\u00b7lacions d'Alas Hotel i submergeix-te en la comoditat a la Costa Daurada. Troba tot el que necessites!","robots":{"index":"index","follow":"follow","max-snippet":"max-snippet:-1","max-image-preview":"max-image-preview:large","max-video-preview":"max-video-preview:-1"},"canonical":"https:\/\/alashotel.com\/instalaciones\/","og_locale":"ca_ES","og_type":"article","og_title":"Instal\u00b7lacions - ALAS Hotel | En pleno coraz\u00f3n de la Costa Dorada","og_description":"Explora les instal\u00b7lacions d'Alas Hotel i submergeix-te en la comoditat a la Costa Daurada. Troba tot el que necessites!","og_url":"https:\/\/alashotel.com\/instalaciones\/","og_site_name":"ALAS Hotel | En pleno coraz\u00f3n de la Costa Dorada","article_modified_time":"2024-08-05T11:11:11+00:00","twitter_misc":{"Temps estimat de lectura":"7 minuts"},"schema":{"@context":"https:\/\/schema.org","@graph":[{"@type":"WebPage","@id":"https:\/\/alashotel.com\/instalaciones\/","url":"https:\/\/alashotel.com\/instalaciones\/","name":"Instal\u00b7lacions - ALAS Hotel | En pleno coraz\u00f3n de la Costa Dorada","isPartOf":{"@id":"https:\/\/alashotel.com\/#website"},"datePublished":"2024-07-31T12:41:28+00:00","dateModified":"2024-08-05T11:11:11+00:00","description":"Explora les instal\u00b7lacions d'Alas Hotel i submergeix-te en la comoditat a la Costa Daurada. Troba tot el que necessites!","breadcrumb":{"@id":"https:\/\/alashotel.com\/instalaciones\/#breadcrumb"},"inLanguage":"ca","potentialAction":[{"@type":"ReadAction","target":["https:\/\/alashotel.com\/instalaciones\/"]}]},{"@type":"BreadcrumbList","@id":"https:\/\/alashotel.com\/instalaciones\/#breadcrumb","itemListElement":[{"@type":"ListItem","position":1,"name":"Portada","item":"https:\/\/alashotel.com\/"},{"@type":"ListItem","position":2,"name":"Instal\u00b7lacions"}]},{"@type":"WebSite","@id":"https:\/\/alashotel.com\/#website","url":"https:\/\/alashotel.com\/","name":"ALAS Hotel | En pleno coraz\u00f3n de la Costa Dorada","description":"Hotel Alas es un elegante y moderno hotel situado en la Costa Daurada, dedicado a ofrecer una experiencia de calidad y un servicio personalizado. Somos tu mejor opci\u00f3n para disfrutar de una estancia c\u00f3moda y memorable.","potentialAction":[{"@type":"SearchAction","target":{"@type":"EntryPoint","urlTemplate":"https:\/\/alashotel.com\/?s={search_term_string}"},"query-input":{"@type":"PropertyValueSpecification","valueRequired":true,"valueName":"search_term_string"}}],"inLanguage":"ca"}]}},"_links":{"self":[{"href":"https:\/\/alashotel.com\/ca\/wp-json\/wp\/v2\/pages\/9295","targetHints":{"allow":["GET"]}}],"collection":[{"href":"https:\/\/alashotel.com\/ca\/wp-json\/wp\/v2\/pages"}],"about":[{"href":"https:\/\/alashotel.com\/ca\/wp-json\/wp\/v2\/types\/page"}],"author":[{"embeddable":true,"href":"https:\/\/alashotel.com\/ca\/wp-json\/wp\/v2\/users\/1"}],"replies":[{"embeddable":true,"href":"https:\/\/alashotel.com\/ca\/wp-json\/wp\/v2\/comments?post=9295"}],"version-history":[{"count":11,"href":"https:\/\/alashotel.com\/ca\/wp-json\/wp\/v2\/pages\/9295\/revisions"}],"predecessor-version":[{"id":9536,"href":"https:\/\/alashotel.com\/ca\/wp-json\/wp\/v2\/pages\/9295\/revisions\/9536"}],"wp:attachment":[{"href":"https:\/\/alashotel.com\/ca\/wp-json\/wp\/v2\/media?parent=9295"}],"curies":[{"name":"wp","href":"https:\/\/api.w.org\/{rel}","templated":true}]}}