{"id":9273,"date":"2024-08-01T10:47:13","date_gmt":"2024-08-01T08:47:13","guid":{"rendered":"https:\/\/alashotel.com\/galeria\/"},"modified":"2024-08-05T12:08:41","modified_gmt":"2024-08-05T10:08:41","slug":"galeria","status":"publish","type":"page","link":"https:\/\/alashotel.com\/ca\/galeria\/","title":{"rendered":"Galeria"},"content":{"rendered":"[et_pb_section fb_built=&#8221;1&#8243; fullwidth=&#8221;on&#8221; _builder_version=&#8221;4.27.0&#8243; _module_preset=&#8221;default&#8221; background_image=&#8221;https:\/\/alashotel.com\/wp-content\/uploads\/2024\/07\/3R3A3672-1.jpg&#8221; custom_padding=&#8221;||||false|false&#8221; locked=&#8221;off&#8221; global_colors_info=&#8221;{}&#8221;][et_pb_fullwidth_slider _builder_version=&#8221;4.27.0&#8243; _module_preset=&#8221;default&#8221; background_image=&#8221;https:\/\/alashotel.com\/wp-content\/uploads\/2024\/07\/3R3A3672-1.jpg&#8221; custom_padding=&#8221;300px||300px||true|false&#8221; hover_enabled=&#8221;0&#8243; global_colors_info=&#8221;{}&#8221; sticky_enabled=&#8221;0&#8243;][et_pb_slide heading=&#8221;Galeria fotogr\u00e0fica&#8221; use_bg_overlay=&#8221;on&#8221; bg_overlay_color=&#8221;rgba(0,0,0,0.11)&#8221; _builder_version=&#8221;4.27.0&#8243; _module_preset=&#8221;default&#8221; header_font=&#8221;|||on|||||&#8221; header_font_size=&#8221;50px&#8221; background_image=&#8221;https:\/\/alashotel.com\/wp-content\/uploads\/2024\/07\/3R3A3672-1.jpg&#8221; background_enable_image=&#8221;on&#8221; custom_padding=&#8221;||||true|false&#8221; hover_enabled=&#8221;0&#8243; global_colors_info=&#8221;{}&#8221; sticky_transition=&#8221;on&#8221; header_font_size_last_edited=&#8221;on|phone&#8221; sticky_enabled=&#8221;0&#8243; header_font_size_phone=&#8221;39px&#8221; header_font_size_tablet=&#8221;50px&#8221;][\/et_pb_slide][\/et_pb_fullwidth_slider][\/et_pb_section][et_pb_section fb_built=&#8221;1&#8243; _builder_version=&#8221;4.27.0&#8243; _module_preset=&#8221;default&#8221; global_colors_info=&#8221;{}&#8221;][et_pb_row _builder_version=&#8221;4.27.0&#8243; _module_preset=&#8221;default&#8221; global_colors_info=&#8221;{}&#8221;][et_pb_column type=&#8221;4_4&#8243; _builder_version=&#8221;4.27.0&#8243; _module_preset=&#8221;default&#8221; global_colors_info=&#8221;{}&#8221;][et_pb_gallery gallery_ids=&#8221;206,207,208,29,118,121,209,98,210,211,88,104,134,133,141,139,162,212,163,165,175,180,181,186,112,113,114,109,170,213,157,214&#8243; posts_number=&#8221;32&#8243; show_title_and_caption=&#8221;off&#8221; show_pagination=&#8221;off&#8221; _builder_version=&#8221;4.27.0&#8243; _module_preset=&#8221;default&#8221; global_colors_info=&#8221;{}&#8221;][\/et_pb_gallery][\/et_pb_column][\/et_pb_row][et_pb_row _builder_version=&#8221;4.27.0&#8243; _module_preset=&#8221;default&#8221; global_colors_info=&#8221;{}&#8221;][et_pb_column type=&#8221;4_4&#8243; _builder_version=&#8221;4.27.0&#8243; _module_preset=&#8221;default&#8221; global_colors_info=&#8221;{}&#8221;][et_pb_code _builder_version=&#8221;4.27.0&#8243; _module_preset=&#8221;default&#8221; global_colors_info=&#8221;{}&#8221;]<span class=\"collapseomatic \" id=\"id69dde2e4b0189\"  tabindex=\"0\" title=\"\"    ><\/span><div id=\"target-id69dde2e4b0189\" class=\"collapseomatic_content \"><!-- [et_pb_line_break_holder] --><a href=\"https:\/\/es.wikipedia.org\/wiki\/Estaci%C3%B3n_de_servicio\"><\/a><!-- [et_pb_line_break_holder] -->Benvingut a la galeria d&#8217;imatges d&#8217;Alas Hotel, on et podr\u00e0s submergir en un viatge visual a trav\u00e9s del nostre parad\u00eds a la Costa Daurada. Des de la comoditat del vostre dispositiu, us convidem a explorar els racons m\u00e9s captivadors del nostre hotel, capturats en instant\u00e0nies que reflecteixen l&#8217;ess\u00e8ncia de la nostra hospitalitat i l&#8217;encant del nostre entorn.<!-- [et_pb_line_break_holder] --><!-- [et_pb_line_break_holder] -->La nostra galeria us portar\u00e0 a trav\u00e9s d&#8217;una experi\u00e8ncia sensorial, mostrant-vos l&#8217;eleg\u00e0ncia moderna de les nostres instal\u00b7lacions i la calidesa de la nostra decoraci\u00f3, dissenyada per oferir-vos un refugi de luxe enmig d&#8217;un entorn natural impressionant. Contempla la serenitat del mar Mediterrani des de les nostres habitacions i suites, on cada detall ha estat pensat acuradament per assegurar el teu confort i benestar.<!-- [et_pb_line_break_holder] --><!-- [et_pb_line_break_holder] -->Deixa&#8217;t seduir per la diversitat dels nostres espais, des de les piscines lluents envoltades d&#8217;exuberant vegetaci\u00f3 fins a les terrasses amb vistes panor\u00e0miques que conviden a la relaxaci\u00f3 i la contemplaci\u00f3. Descobriu la m\u00e0gia de les nostres \u00e0rees comunes, on l&#8217;arquitectura contempor\u00e0nia es fusiona harmoniosament amb el paisatge mediterrani, creant un ambient \u00fanic que us far\u00e0 sentir en harmonia amb la natura i amb tu mateix.<!-- [et_pb_line_break_holder] --><!-- [et_pb_line_break_holder] -->Endinseu-vos en la nostra oferta gastron\u00f2mica a trav\u00e9s d&#8217;imatges que desperten els sentits i obren la gana, mostrant la frescor i la creativitat dels nostres plats, elaborats amb ingredients locals i presentats amb eleg\u00e0ncia i estil. Des de l&#8217;esmorzar fins al sopar, cada \u00e0pat a Alas Hotel \u00e9s una experi\u00e8ncia per recordar, on el bon gust es combina amb l&#8217;excel\u00b7l\u00e8ncia culin\u00e0ria.<!-- [et_pb_line_break_holder] --><!-- [et_pb_line_break_holder] -->La nostra galeria tamb\u00e9 us convida a descobrir les activitats i experi\u00e8ncies que us esperen m\u00e9s enll\u00e0 de les portes de l&#8217;hotel, des d&#8217;emocionants excursions per la costa fins a relaxants passeigs per la platja al capvespre. Submergeix-te en la cultura i la hist\u00f2ria de la Costa Daurada mitjan\u00e7ant imatges que capturen l&#8217;ess\u00e8ncia d&#8217;aquesta terra banyada pel sol.<!-- [et_pb_line_break_holder] --><!-- [et_pb_line_break_holder] -->A Alas Hotel, cada imatge explica una hist\u00f2ria, i estem emocionats de compartir aquestes hist\u00f2ries amb tu. Explora la nostra galeria i deixa&#8217;t inspirar per la bellesa i la serenitat del nostre rac\u00f3 a la Mediterr\u00e0nia. Benvingut a un m\u00f3n de sensacions inoblidables a Alas Hotel!<!-- [et_pb_line_break_holder] --><img alt=\"galer\u00eda\"><!-- [et_pb_line_break_holder] --><img alt=\"galer\u00eda\"><!-- [et_pb_line_break_holder] --><img alt=\"galer\u00eda\"><!-- [et_pb_line_break_holder] --><img alt=\"galer\u00eda\"><!-- [et_pb_line_break_holder] --><img alt=\"galer\u00eda\"><!-- [et_pb_line_break_holder] --><img alt=\"galer\u00eda\"><!-- [et_pb_line_break_holder] --><img alt=\"galer\u00eda\"><!-- [et_pb_line_break_holder] --><img alt=\"galer\u00eda\"><!-- [et_pb_line_break_holder] --><img alt=\"galer\u00eda\"><!-- [et_pb_line_break_holder] --><img alt=\"galer\u00eda\"><!-- [et_pb_line_break_holder] --><img alt=\"galer\u00eda\"><!-- [et_pb_line_break_holder] --><img alt=\"galer\u00eda\"><!-- [et_pb_line_break_holder] --><!-- [et_pb_line_break_holder] --><\/div><!-- [et_pb_line_break_holder] -->[\/et_pb_code][\/et_pb_column][\/et_pb_row][\/et_pb_section]\n","protected":false},"excerpt":{"rendered":"<p><span class=\"collapseomatic \" id=\"id69dde2e4c880c\"  tabindex=\"0\" title=\"\"    ><\/span>Benvingut a la galeria d&#8217;imatges d&#8217;Alas Hotel, on et podr\u00e0s submergir en un viatge visual a trav\u00e9s del nostre parad\u00eds a la Costa Daurada. Des de la comoditat del vostre dispositiu, us convidem a explorar els racons m\u00e9s captivadors del nostre hotel, capturats en instant\u00e0nies que reflecteixen l&#8217;ess\u00e8ncia de la nostra hospitalitat i l&#8217;encant [&hellip;]<\/p>\n","protected":false},"author":1,"featured_media":0,"parent":0,"menu_order":0,"comment_status":"closed","ping_status":"closed","template":"","meta":{"_et_pb_use_builder":"on","_et_pb_old_content":"","_et_gb_content_width":"","footnotes":""},"class_list":["post-9273","page","type-page","status-publish","hentry"],"yoast_head":"<!-- This site is optimized with the Yoast SEO plugin v27.3 - https:\/\/yoast.com\/product\/yoast-seo-wordpress\/ -->\n<title>Galeria - ALAS Hotel | En pleno coraz\u00f3n de la Costa Dorada<\/title>\n<meta name=\"description\" content=\"Descobriu la bellesa d&#039;Alas Hotel a trav\u00e9s de la nostra galeria d&#039;imatges. Prepara&#039;t per a una experi\u00e8ncia inoblidable a la Costa Daurada.\" \/>\n<meta name=\"robots\" content=\"index, follow, max-snippet:-1, max-image-preview:large, max-video-preview:-1\" \/>\n<link rel=\"canonical\" href=\"https:\/\/alashotel.com\/galeria\/\" \/>\n<meta property=\"og:locale\" content=\"ca_ES\" \/>\n<meta property=\"og:type\" content=\"article\" \/>\n<meta property=\"og:title\" content=\"Galeria - ALAS Hotel | En pleno coraz\u00f3n de la Costa Dorada\" \/>\n<meta property=\"og:description\" content=\"Descobriu la bellesa d&#039;Alas Hotel a trav\u00e9s de la nostra galeria d&#039;imatges. Prepara&#039;t per a una experi\u00e8ncia inoblidable a la Costa Daurada.\" \/>\n<meta property=\"og:url\" content=\"https:\/\/alashotel.com\/galeria\/\" \/>\n<meta property=\"og:site_name\" content=\"ALAS Hotel | En pleno coraz\u00f3n de la Costa Dorada\" \/>\n<meta property=\"article:modified_time\" content=\"2024-08-05T10:08:41+00:00\" \/>\n<meta name=\"twitter:label1\" content=\"Temps estimat de lectura\" \/>\n\t<meta name=\"twitter:data1\" content=\"11 minuts\" \/>\n<script type=\"application\/ld+json\" class=\"yoast-schema-graph\">{\"@context\":\"https:\\\/\\\/schema.org\",\"@graph\":[{\"@type\":\"WebPage\",\"@id\":\"https:\\\/\\\/alashotel.com\\\/galeria\\\/\",\"url\":\"https:\\\/\\\/alashotel.com\\\/galeria\\\/\",\"name\":\"Galeria - ALAS Hotel | En pleno coraz\u00f3n de la Costa Dorada\",\"isPartOf\":{\"@id\":\"https:\\\/\\\/alashotel.com\\\/#website\"},\"datePublished\":\"2024-08-01T08:47:13+00:00\",\"dateModified\":\"2024-08-05T10:08:41+00:00\",\"description\":\"Descobriu la bellesa d'Alas Hotel a trav\u00e9s de la nostra galeria d'imatges. Prepara't per a una experi\u00e8ncia inoblidable a la Costa Daurada.\",\"breadcrumb\":{\"@id\":\"https:\\\/\\\/alashotel.com\\\/galeria\\\/#breadcrumb\"},\"inLanguage\":\"ca\",\"potentialAction\":[{\"@type\":\"ReadAction\",\"target\":[\"https:\\\/\\\/alashotel.com\\\/galeria\\\/\"]}]},{\"@type\":\"BreadcrumbList\",\"@id\":\"https:\\\/\\\/alashotel.com\\\/galeria\\\/#breadcrumb\",\"itemListElement\":[{\"@type\":\"ListItem\",\"position\":1,\"name\":\"Portada\",\"item\":\"https:\\\/\\\/alashotel.com\\\/\"},{\"@type\":\"ListItem\",\"position\":2,\"name\":\"Galeria\"}]},{\"@type\":\"WebSite\",\"@id\":\"https:\\\/\\\/alashotel.com\\\/#website\",\"url\":\"https:\\\/\\\/alashotel.com\\\/\",\"name\":\"ALAS Hotel | En pleno coraz\u00f3n de la Costa Dorada\",\"description\":\"Hotel Alas es un elegante y moderno hotel situado en la Costa Daurada, dedicado a ofrecer una experiencia de calidad y un servicio personalizado. Somos tu mejor opci\u00f3n para disfrutar de una estancia c\u00f3moda y memorable.\",\"potentialAction\":[{\"@type\":\"SearchAction\",\"target\":{\"@type\":\"EntryPoint\",\"urlTemplate\":\"https:\\\/\\\/alashotel.com\\\/?s={search_term_string}\"},\"query-input\":{\"@type\":\"PropertyValueSpecification\",\"valueRequired\":true,\"valueName\":\"search_term_string\"}}],\"inLanguage\":\"ca\"}]}<\/script>\n<!-- \/ Yoast SEO plugin. -->","yoast_head_json":{"title":"Galeria - ALAS Hotel | En pleno coraz\u00f3n de la Costa Dorada","description":"Descobriu la bellesa d'Alas Hotel a trav\u00e9s de la nostra galeria d'imatges. Prepara't per a una experi\u00e8ncia inoblidable a la Costa Daurada.","robots":{"index":"index","follow":"follow","max-snippet":"max-snippet:-1","max-image-preview":"max-image-preview:large","max-video-preview":"max-video-preview:-1"},"canonical":"https:\/\/alashotel.com\/galeria\/","og_locale":"ca_ES","og_type":"article","og_title":"Galeria - ALAS Hotel | En pleno coraz\u00f3n de la Costa Dorada","og_description":"Descobriu la bellesa d'Alas Hotel a trav\u00e9s de la nostra galeria d'imatges. Prepara't per a una experi\u00e8ncia inoblidable a la Costa Daurada.","og_url":"https:\/\/alashotel.com\/galeria\/","og_site_name":"ALAS Hotel | En pleno coraz\u00f3n de la Costa Dorada","article_modified_time":"2024-08-05T10:08:41+00:00","twitter_misc":{"Temps estimat de lectura":"11 minuts"},"schema":{"@context":"https:\/\/schema.org","@graph":[{"@type":"WebPage","@id":"https:\/\/alashotel.com\/galeria\/","url":"https:\/\/alashotel.com\/galeria\/","name":"Galeria - ALAS Hotel | En pleno coraz\u00f3n de la Costa Dorada","isPartOf":{"@id":"https:\/\/alashotel.com\/#website"},"datePublished":"2024-08-01T08:47:13+00:00","dateModified":"2024-08-05T10:08:41+00:00","description":"Descobriu la bellesa d'Alas Hotel a trav\u00e9s de la nostra galeria d'imatges. Prepara't per a una experi\u00e8ncia inoblidable a la Costa Daurada.","breadcrumb":{"@id":"https:\/\/alashotel.com\/galeria\/#breadcrumb"},"inLanguage":"ca","potentialAction":[{"@type":"ReadAction","target":["https:\/\/alashotel.com\/galeria\/"]}]},{"@type":"BreadcrumbList","@id":"https:\/\/alashotel.com\/galeria\/#breadcrumb","itemListElement":[{"@type":"ListItem","position":1,"name":"Portada","item":"https:\/\/alashotel.com\/"},{"@type":"ListItem","position":2,"name":"Galeria"}]},{"@type":"WebSite","@id":"https:\/\/alashotel.com\/#website","url":"https:\/\/alashotel.com\/","name":"ALAS Hotel | En pleno coraz\u00f3n de la Costa Dorada","description":"Hotel Alas es un elegante y moderno hotel situado en la Costa Daurada, dedicado a ofrecer una experiencia de calidad y un servicio personalizado. Somos tu mejor opci\u00f3n para disfrutar de una estancia c\u00f3moda y memorable.","potentialAction":[{"@type":"SearchAction","target":{"@type":"EntryPoint","urlTemplate":"https:\/\/alashotel.com\/?s={search_term_string}"},"query-input":{"@type":"PropertyValueSpecification","valueRequired":true,"valueName":"search_term_string"}}],"inLanguage":"ca"}]}},"_links":{"self":[{"href":"https:\/\/alashotel.com\/ca\/wp-json\/wp\/v2\/pages\/9273","targetHints":{"allow":["GET"]}}],"collection":[{"href":"https:\/\/alashotel.com\/ca\/wp-json\/wp\/v2\/pages"}],"about":[{"href":"https:\/\/alashotel.com\/ca\/wp-json\/wp\/v2\/types\/page"}],"author":[{"embeddable":true,"href":"https:\/\/alashotel.com\/ca\/wp-json\/wp\/v2\/users\/1"}],"replies":[{"embeddable":true,"href":"https:\/\/alashotel.com\/ca\/wp-json\/wp\/v2\/comments?post=9273"}],"version-history":[{"count":6,"href":"https:\/\/alashotel.com\/ca\/wp-json\/wp\/v2\/pages\/9273\/revisions"}],"predecessor-version":[{"id":9471,"href":"https:\/\/alashotel.com\/ca\/wp-json\/wp\/v2\/pages\/9273\/revisions\/9471"}],"wp:attachment":[{"href":"https:\/\/alashotel.com\/ca\/wp-json\/wp\/v2\/media?parent=9273"}],"curies":[{"name":"wp","href":"https:\/\/api.w.org\/{rel}","templated":true}]}}