{"id":9251,"date":"2024-08-02T12:09:32","date_gmt":"2024-08-02T10:09:32","guid":{"rendered":"https:\/\/alashotel.com\/?page_id=9251"},"modified":"2025-02-12T13:54:19","modified_gmt":"2025-02-12T12:54:19","slug":"hotel","status":"publish","type":"page","link":"https:\/\/alashotel.com\/ca\/","title":{"rendered":"Hotel"},"content":{"rendered":"[et_pb_section fb_built=&#8221;1&#8243; fullwidth=&#8221;on&#8221; _builder_version=&#8221;4.24.3&#8243; _module_preset=&#8221;default&#8221; custom_padding=&#8221;||||false|false&#8221; global_colors_info=&#8221;{}&#8221;][et_pb_fullwidth_slider _builder_version=&#8221;4.24.3&#8243; _module_preset=&#8221;default&#8221; header_font_size=&#8221;46px&#8221; background_image=&#8221;https:\/\/alashotel.com\/wp-content\/uploads\/2024\/07\/Slider.jpg&#8221; custom_padding=&#8221;300px||300px||true|false&#8221; header_font_tablet=&#8221;&#8221; header_font_phone=&#8221;&#8221; header_font_last_edited=&#8221;on|phone&#8221; global_colors_info=&#8221;{}&#8221;][et_pb_slide heading=&#8221;Benvingut al seu millor descans&#8221; use_bg_overlay=&#8221;on&#8221; bg_overlay_color=&#8221;rgba(0,0,0,0.05)&#8221; _builder_version=&#8221;4.24.3&#8243; _module_preset=&#8221;default&#8221; header_font=&#8221;|||on|||||&#8221; header_font_size=&#8221;45px&#8221; background_image=&#8221;https:\/\/alashotel.com\/wp-content\/uploads\/2024\/07\/3R3A3856-2.jpg&#8221; background_enable_image=&#8221;on&#8221; custom_padding=&#8221;||||true|false&#8221; header_font_tablet=&#8221;|||on|||||&#8221; header_font_phone=&#8221;|||on|||||&#8221; header_font_last_edited=&#8221;on|phone&#8221; global_colors_info=&#8221;{}&#8221; sticky_transition=&#8221;on&#8221;][\/et_pb_slide][\/et_pb_fullwidth_slider][\/et_pb_section][et_pb_section fb_built=&#8221;1&#8243; admin_label=&#8221;section&#8221; module_id=&#8221;alashotel&#8221; _builder_version=&#8221;4.24.2&#8243; _module_preset=&#8221;default&#8221; min_height=&#8221;406.8px&#8221; custom_margin=&#8221;||||false|false&#8221; custom_padding=&#8221;||||false|false&#8221; transparent_background=&#8221;off&#8221; global_colors_info=&#8221;{}&#8221;][et_pb_row column_structure=&#8221;1_2,1_2&#8243; _builder_version=&#8221;4.24.3&#8243; _module_preset=&#8221;default&#8221; width=&#8221;90%&#8221; max_width=&#8221;1400px&#8221; min_height=&#8221;426.8px&#8221; custom_margin=&#8221;||||false|false&#8221; custom_padding=&#8221;||||false|false&#8221; global_colors_info=&#8221;{}&#8221;][et_pb_column type=&#8221;1_2&#8243; _builder_version=&#8221;4.16&#8243; _module_preset=&#8221;default&#8221; global_colors_info=&#8221;{}&#8221;][et_pb_text _builder_version=&#8221;4.24.3&#8243; _module_preset=&#8221;default&#8221; text_font=&#8221;|700|||||||&#8221; text_text_color=&#8221;#000000&#8243; text_font_size=&#8221;30px&#8221; global_colors_info=&#8221;{}&#8221;]\n<p>ALAS HOTEL<\/p>\n[\/et_pb_text][et_pb_text admin_label=&#8221;Text&#8221; _builder_version=&#8221;4.24.3&#8243; _module_preset=&#8221;default&#8221; background_size=&#8221;initial&#8221; background_position=&#8221;top_left&#8221; background_repeat=&#8221;repeat&#8221; use_border_color=&#8221;off&#8221; border_style=&#8221;solid&#8221; global_colors_info=&#8221;{}&#8221;]\n<p style=\"text-align: justify;\">En ple cor de la Costa Daurada, <span>a l&#8217;Hospitalet de l&#8217;Infant, situat en un lloc estrat\u00e8gic, trobar\u00e0 <strong>ALAS Hotel<\/strong> a <strong>l&#8217;\u00c0rea de Servei ALAS CENTRAL<\/strong>. Localitzat a menys de 2 km de platges boniques, molt prop de les localitats de Cambrils i la ciutat de Tarragona, el Delta de l&#8217;Ebre i a 15 minuts de Port Aventura, en un entorn natural mediterrani, fan <strong>d&#8217;ALAS Hotel<\/strong> un lloc ideal per al seu descans.<\/span><\/p>\n<p style=\"text-align: justify;\"><span>A prop, podr\u00e0 visitar monuments medievals, fer activitats n\u00e0utiques i gaudir de platges per a tots els gustos. Per descomptat, degustar l&#8217;oferta gastron\u00f2mica i vin\u00edcola de la zona. Aquests i molts altres, s\u00f3n alguns dels seus atractius.<\/span><\/p>\n<p style=\"text-align: justify;\"><span><\/span><\/p>\n<div class=\"traductor-textarea form-group\">\n<div class=\"textarea-desti col-xs-12 col-sm-6\">\n<div class=\"form-control second-textarea\">Tot l&#8217;equip d&#8217;ALAS Hotel, treballem perqu\u00e8 la seva estada en les nostres instal\u00b7lacions sigui una experi\u00e8ncia que desitgi repetir.<\/div>\n<\/div>\n<\/div>\n<div class=\"traductor-checkbox form-group\">\n<div class=\"row\">\n<div class=\"col-sm-offset-2 col-sm-5\"><\/div>\n<\/div>\n<\/div>\n[\/et_pb_text][et_pb_button button_url=&#8221;https:\/\/reservas.alasestaciones.com\/ca\/start&#8221; url_new_window=&#8221;on&#8221; button_text=&#8221;RESERVI ARA&#8221; button_alignment=&#8221;center&#8221; _builder_version=&#8221;4.27.0&#8243; _module_preset=&#8221;default&#8221; custom_button=&#8221;on&#8221; button_text_size=&#8221;26px&#8221; button_text_color=&#8221;#FFFFFF&#8221; button_bg_color=&#8221;#ac0f74&#8243; button_border_width=&#8221;0px&#8221; button_border_color=&#8221;RGBA(255,255,255,0)&#8221; button_border_radius=&#8221;13px&#8221; button_icon_color=&#8221;#FFFFFF&#8221; background_layout=&#8221;dark&#8221; custom_margin=&#8221;1px|||||&#8221; custom_padding=&#8221;6px|||||&#8221; locked=&#8221;off&#8221; global_colors_info=&#8221;{}&#8221;][\/et_pb_button][\/et_pb_column][et_pb_column type=&#8221;1_2&#8243; _builder_version=&#8221;4.16&#8243; _module_preset=&#8221;default&#8221; global_colors_info=&#8221;{}&#8221;][et_pb_image src=&#8221;https:\/\/alashotel.com\/wp-content\/uploads\/2024\/08\/hotelexterior-scaled.jpg&#8221; alt=&#8221;ALAS HOTEL&#8221; title_text=&#8221;hotelexterior&#8221; _builder_version=&#8221;4.27.0&#8243; _module_preset=&#8221;default&#8221; global_colors_info=&#8221;{}&#8221;][\/et_pb_image][\/et_pb_column][\/et_pb_row][\/et_pb_section][et_pb_section fb_built=&#8221;1&#8243; prev_background_color=&#8221;#ffffff&#8221; disabled_on=&#8221;on|on|off&#8221; _builder_version=&#8221;4.24.3&#8243; _module_preset=&#8221;default&#8221; background_color=&#8221;#AC0F74&#8243; background_enable_image=&#8221;off&#8221; background_video_mp4=&#8221;https:\/\/alasestaciones.com\/wp-content\/uploads\/2024\/04\/Video_Alas_Hotel.mp4&#8243; custom_padding=&#8221;500px||500px||true|false&#8221; top_divider_style=&#8221;wave2&#8243; bottom_divider_color=&#8221;#FFFFFF&#8221; global_colors_info=&#8221;{}&#8221;][\/et_pb_section][et_pb_section fb_built=&#8221;1&#8243; custom_padding_last_edited=&#8221;on|tablet&#8221; disabled_on=&#8221;off|off|on&#8221; _builder_version=&#8221;4.27.0&#8243; _module_preset=&#8221;default&#8221; background_enable_video_mp4=&#8221;off&#8221; custom_margin_tablet=&#8221;&#8221; custom_margin_phone=&#8221;&#8221; custom_margin_last_edited=&#8221;on|tablet&#8221; custom_padding=&#8221;||0px||false|false&#8221; custom_padding_tablet=&#8221;||||false|false&#8221; custom_padding_phone=&#8221;0px||0px||false|false&#8221; global_colors_info=&#8221;{}&#8221;][et_pb_row _builder_version=&#8221;4.24.3&#8243; _module_preset=&#8221;default&#8221; global_colors_info=&#8221;{}&#8221;][et_pb_column type=&#8221;4_4&#8243; _builder_version=&#8221;4.24.3&#8243; _module_preset=&#8221;default&#8221; global_colors_info=&#8221;{}&#8221;][et_pb_video src=&#8221;https:\/\/alasestaciones.com\/wp-content\/uploads\/2024\/04\/Video_Alas_Hotel.mp4&#8243; _builder_version=&#8221;4.24.3&#8243; _module_preset=&#8221;default&#8221; global_colors_info=&#8221;{}&#8221;][\/et_pb_video][\/et_pb_column][\/et_pb_row][\/et_pb_section][et_pb_section fb_built=&#8221;1&#8243; _builder_version=&#8221;4.24.3&#8243; _module_preset=&#8221;default&#8221; background_image=&#8221;https:\/\/alashotel.com\/wp-content\/uploads\/2024\/07\/3R3A3630-1.jpg&#8221; custom_margin_tablet=&#8221;68px||||false|false&#8221; custom_margin_phone=&#8221;64px||0px||false|false&#8221; custom_margin_last_edited=&#8221;on|phone&#8221; custom_padding=&#8221;200px||200px||true|false&#8221; top_divider_color=&#8221;RGBA(255,255,255,0)&#8221; global_colors_info=&#8221;{}&#8221;][et_pb_row _builder_version=&#8221;4.24.3&#8243; _module_preset=&#8221;default&#8221; global_colors_info=&#8221;{}&#8221;][et_pb_column type=&#8221;4_4&#8243; _builder_version=&#8221;4.24.3&#8243; _module_preset=&#8221;default&#8221; global_colors_info=&#8221;{}&#8221;][et_pb_text _builder_version=&#8221;4.24.3&#8243; _module_preset=&#8221;default&#8221; text_font=&#8221;|700||on|||||&#8221; text_text_color=&#8221;#FFFFFF&#8221; text_font_size=&#8221;50px&#8221; text_orientation=&#8221;center&#8221; text_text_shadow_style=&#8221;preset1&#8243; global_colors_info=&#8221;{}&#8221;]\n<p>Recepci\u00f3<\/p>\n[\/et_pb_text][\/et_pb_column][\/et_pb_row][\/et_pb_section][et_pb_section fb_built=&#8221;1&#8243; admin_label=&#8221;section&#8221; _builder_version=&#8221;4.24.2&#8243; _module_preset=&#8221;default&#8221; min_height=&#8221;630.6px&#8221; custom_margin=&#8221;||||false|false&#8221; custom_padding=&#8221;||21px||false|false&#8221; transparent_background=&#8221;off&#8221; global_colors_info=&#8221;{}&#8221;][et_pb_row _builder_version=&#8221;4.24.3&#8243; _module_preset=&#8221;default&#8221; custom_margin_tablet=&#8221;&#8221; custom_margin_phone=&#8221;-28px||||false|false&#8221; custom_margin_last_edited=&#8221;on|phone&#8221; global_colors_info=&#8221;{}&#8221;][et_pb_column type=&#8221;4_4&#8243; _builder_version=&#8221;4.24.3&#8243; _module_preset=&#8221;default&#8221; global_colors_info=&#8221;{}&#8221;][et_pb_text admin_label=&#8221;Text&#8221; _builder_version=&#8221;4.27.0&#8243; _module_preset=&#8221;default&#8221; background_size=&#8221;initial&#8221; background_position=&#8221;top_left&#8221; background_repeat=&#8221;repeat&#8221; custom_margin=&#8221;||||false|false&#8221; use_border_color=&#8221;off&#8221; border_style=&#8221;solid&#8221; global_colors_info=&#8221;{}&#8221;]\n<div class=\"traductor-textarea form-group\">\n<div class=\"textarea-desti col-xs-12 col-sm-6\">\n<div class=\"form-control second-textarea\">\n<p style=\"text-align: justify;\">L&#8217;equip hum\u00e0 <strong>d&#8217;ALAS Hotel<\/strong> es distingeix per la seva professionalitat i la il\u00b7lusi\u00f3 de fer el seu treball basat en l&#8217;excel\u00b7l\u00e8ncia.<\/p>\n<p style=\"text-align: justify;\">L&#8217;experi\u00e8ncia i la humanitat del nostre equip s\u00f3n un dels nostres majors actius i estem orgullosos de comptar amb professionals altament capacitats. Tots ells estan centrats en les necessitats del client i disposats a oferir sempre al seu millor somriure durant la seva estada en les nostres instal\u00b7lacions.<\/p>\n<\/div>\n<\/div>\n<\/div>\n[\/et_pb_text][\/et_pb_column][\/et_pb_row][et_pb_row _builder_version=&#8221;4.24.3&#8243; _module_preset=&#8221;default&#8221; min_height=&#8221;211px&#8221; custom_margin_tablet=&#8221;9px||||false|false&#8221; custom_margin_phone=&#8221;9px||||false|false&#8221; custom_margin_last_edited=&#8221;on|tablet&#8221; custom_padding=&#8221;||||false|false&#8221; global_colors_info=&#8221;{}&#8221;][et_pb_column type=&#8221;4_4&#8243; _builder_version=&#8221;4.24.2&#8243; _module_preset=&#8221;default&#8221; global_colors_info=&#8221;{}&#8221;][et_pb_gallery gallery_ids=&#8221;8405,8408,8411,8414&#8243; orientation=&#8221;portrait&#8221; show_title_and_caption=&#8221;off&#8221; show_pagination=&#8221;off&#8221; disabled_on=&#8221;off|on|off&#8221; _builder_version=&#8221;4.24.3&#8243; _module_preset=&#8221;default&#8221; custom_margin_tablet=&#8221;&#8221; custom_margin_phone=&#8221;40px||||false|false&#8221; custom_margin_last_edited=&#8221;on|phone&#8221; locked=&#8221;off&#8221; global_colors_info=&#8221;{}&#8221;][\/et_pb_gallery][et_pb_gallery gallery_ids=&#8221;30,29,31,32&#8243; fullwidth=&#8221;on&#8221; disabled_on=&#8221;off|off|on&#8221; _builder_version=&#8221;4.27.0&#8243; _module_preset=&#8221;default&#8221; custom_margin_tablet=&#8221;&#8221; custom_margin_phone=&#8221;40px||||false|false&#8221; custom_margin_last_edited=&#8221;on|phone&#8221; locked=&#8221;off&#8221; global_colors_info=&#8221;{}&#8221;][\/et_pb_gallery][et_pb_code _builder_version=&#8221;4.27.0&#8243; _module_preset=&#8221;default&#8221; global_colors_info=&#8221;{}&#8221;]<span class=\"collapseomatic \" id=\"id69e340803b6b2\"  tabindex=\"0\" title=\"\"    ><\/span><div id=\"target-id69e340803b6b2\" class=\"collapseomatic_content \"><!-- [et_pb_line_break_holder] --><!-- [et_pb_line_break_holder] -->En Alas Hotel, la satisfacci\u00f3n de nuestros hu\u00e9spedes es nuestra m\u00e1xima prioridad. Nos esforzamos por brindar una experiencia excepcional en cada estad\u00eda, y su opini\u00f3n es fundamental para nosotros. Valoramos profundamente sus comentarios y estamos aqu\u00ed para atender cualquier pregunta, consulta o solicitud que pueda tener.<!-- [et_pb_line_break_holder] --><!-- [et_pb_line_break_holder] -->Nuestro equipo dedicado est\u00e1 disponible para ayudarlo en todo momento. Ya sea que necesite informaci\u00f3n adicional sobre nuestras instalaciones, asistencia con su reserva, recomendaciones sobre actividades locales o cualquier otra cosa, estamos aqu\u00ed para ayudarlo. Puede comunicarse con nosotros utilizando el siguiente formulario de contacto o a trav\u00e9s de la informaci\u00f3n proporcionada en nuestro sitio web.<!-- [et_pb_line_break_holder] --><!-- [et_pb_line_break_holder] -->En Alas Hotel, creemos en la importancia de la comunicaci\u00f3n abierta y la atenci\u00f3n personalizada. Queremos asegurarnos de que su estancia con nosotros sea completamente satisfactoria y memorable. Por eso, nos comprometemos a responder a sus consultas de manera oportuna y brindarle el apoyo que necesite durante su tiempo con nosotros.<!-- [et_pb_line_break_holder] --><!-- [et_pb_line_break_holder] -->Adem\u00e1s de estar a su disposici\u00f3n para cualquier solicitud, tambi\u00e9n nos encantar\u00eda conocer sus comentarios y sugerencias una vez que haya completado su estancia. Su retroalimentaci\u00f3n nos ayuda a mejorar continuamente nuestros servicios y a garantizar que cumplamos con sus expectativas en todo momento.<!-- [et_pb_line_break_holder] --><!-- [et_pb_line_break_holder] -->En resumen, en Alas Hotel, estamos aqu\u00ed para usted. Esperamos poder brindarle una experiencia inolvidable y esperamos escuchar de usted pronto. No dude en ponerse en contacto con nosotros para cualquier cosa que necesite. \u00a1Estamos ansiosos por servirle y hacer que su visita sea lo m\u00e1s placentera posible!<!-- [et_pb_line_break_holder] --><!-- [et_pb_line_break_holder] --><a href=\"https:\/\/alasestaciones.com\/ca\/gastronomia\/\"><\/a><!-- [et_pb_line_break_holder] --><!-- [et_pb_line_break_holder] --><img alt=\"Contacto Hotel\"><!-- [et_pb_line_break_holder] --><!-- [et_pb_line_break_holder] --><\/div>[\/et_pb_code][\/et_pb_column][\/et_pb_row][\/et_pb_section]\n","protected":false},"excerpt":{"rendered":"<p>ALAS HOTELEn ple cor de la Costa Daurada, a l&#8217;Hospitalet de l&#8217;Infant, situat en un lloc estrat\u00e8gic, trobar\u00e0 ALAS Hotel a l&#8217;\u00c0rea de Servei ALAS CENTRAL. Localitzat a menys de 2 km de platges boniques, molt prop de les localitats de Cambrils i la ciutat de Tarragona, el Delta de l&#8217;Ebre i a 15 minuts [&hellip;]<\/p>\n","protected":false},"author":1,"featured_media":0,"parent":0,"menu_order":0,"comment_status":"closed","ping_status":"closed","template":"","meta":{"_et_pb_use_builder":"on","_et_pb_old_content":"","_et_gb_content_width":"","footnotes":""},"class_list":["post-9251","page","type-page","status-publish","hentry"],"yoast_head":"<!-- This site is optimized with the Yoast SEO plugin v27.4 - https:\/\/yoast.com\/product\/yoast-seo-wordpress\/ -->\n<title>Hotel - ALAS Hotel | En pleno coraz\u00f3n de la Costa Dorada<\/title>\n<meta name=\"description\" content=\"Al cor de la Costa Daurada, a l&#039;Hospitalet de l&#039;Infant, ubicat en un lloc estrat\u00e8gic, trobareu ALAS Hotel, un lloc per descansar.\" \/>\n<meta name=\"robots\" content=\"index, follow, max-snippet:-1, max-image-preview:large, max-video-preview:-1\" \/>\n<link rel=\"canonical\" href=\"https:\/\/alashotel.com\/\" \/>\n<meta property=\"og:locale\" content=\"ca_ES\" \/>\n<meta property=\"og:type\" content=\"article\" \/>\n<meta property=\"og:title\" content=\"Hotel - ALAS Hotel | En pleno coraz\u00f3n de la Costa Dorada\" \/>\n<meta property=\"og:description\" content=\"Al cor de la Costa Daurada, a l&#039;Hospitalet de l&#039;Infant, ubicat en un lloc estrat\u00e8gic, trobareu ALAS Hotel, un lloc per descansar.\" \/>\n<meta property=\"og:url\" content=\"https:\/\/alashotel.com\/\" \/>\n<meta property=\"og:site_name\" content=\"ALAS Hotel | En pleno coraz\u00f3n de la Costa Dorada\" \/>\n<meta property=\"article:modified_time\" content=\"2025-02-12T12:54:19+00:00\" \/>\n<meta name=\"twitter:label1\" content=\"Temps estimat de lectura\" \/>\n\t<meta name=\"twitter:data1\" content=\"4 minuts\" \/>\n<script type=\"application\/ld+json\" class=\"yoast-schema-graph\">{\"@context\":\"https:\\\/\\\/schema.org\",\"@graph\":[{\"@type\":\"WebPage\",\"@id\":\"https:\\\/\\\/alashotel.com\\\/\",\"url\":\"https:\\\/\\\/alashotel.com\\\/\",\"name\":\"Hotel - ALAS Hotel | En pleno coraz\u00f3n de la Costa Dorada\",\"isPartOf\":{\"@id\":\"https:\\\/\\\/alashotel.com\\\/#website\"},\"datePublished\":\"2024-08-02T10:09:32+00:00\",\"dateModified\":\"2025-02-12T12:54:19+00:00\",\"description\":\"Al cor de la Costa Daurada, a l'Hospitalet de l'Infant, ubicat en un lloc estrat\u00e8gic, trobareu ALAS Hotel, un lloc per descansar.\",\"breadcrumb\":{\"@id\":\"https:\\\/\\\/alashotel.com\\\/#breadcrumb\"},\"inLanguage\":\"ca\",\"potentialAction\":[{\"@type\":\"ReadAction\",\"target\":[\"https:\\\/\\\/alashotel.com\\\/\"]}]},{\"@type\":\"BreadcrumbList\",\"@id\":\"https:\\\/\\\/alashotel.com\\\/#breadcrumb\",\"itemListElement\":[{\"@type\":\"ListItem\",\"position\":1,\"name\":\"Portada\",\"item\":\"https:\\\/\\\/alashotel.com\\\/\"},{\"@type\":\"ListItem\",\"position\":2,\"name\":\"Hotel\"}]},{\"@type\":\"WebSite\",\"@id\":\"https:\\\/\\\/alashotel.com\\\/#website\",\"url\":\"https:\\\/\\\/alashotel.com\\\/\",\"name\":\"ALAS Hotel | En pleno coraz\u00f3n de la Costa Dorada\",\"description\":\"Hotel Alas es un elegante y moderno hotel situado en la Costa Daurada, dedicado a ofrecer una experiencia de calidad y un servicio personalizado. Somos tu mejor opci\u00f3n para disfrutar de una estancia c\u00f3moda y memorable.\",\"potentialAction\":[{\"@type\":\"SearchAction\",\"target\":{\"@type\":\"EntryPoint\",\"urlTemplate\":\"https:\\\/\\\/alashotel.com\\\/?s={search_term_string}\"},\"query-input\":{\"@type\":\"PropertyValueSpecification\",\"valueRequired\":true,\"valueName\":\"search_term_string\"}}],\"inLanguage\":\"ca\"}]}<\/script>\n<!-- \/ Yoast SEO plugin. -->","yoast_head_json":{"title":"Hotel - ALAS Hotel | En pleno coraz\u00f3n de la Costa Dorada","description":"Al cor de la Costa Daurada, a l'Hospitalet de l'Infant, ubicat en un lloc estrat\u00e8gic, trobareu ALAS Hotel, un lloc per descansar.","robots":{"index":"index","follow":"follow","max-snippet":"max-snippet:-1","max-image-preview":"max-image-preview:large","max-video-preview":"max-video-preview:-1"},"canonical":"https:\/\/alashotel.com\/","og_locale":"ca_ES","og_type":"article","og_title":"Hotel - ALAS Hotel | En pleno coraz\u00f3n de la Costa Dorada","og_description":"Al cor de la Costa Daurada, a l'Hospitalet de l'Infant, ubicat en un lloc estrat\u00e8gic, trobareu ALAS Hotel, un lloc per descansar.","og_url":"https:\/\/alashotel.com\/","og_site_name":"ALAS Hotel | En pleno coraz\u00f3n de la Costa Dorada","article_modified_time":"2025-02-12T12:54:19+00:00","twitter_misc":{"Temps estimat de lectura":"4 minuts"},"schema":{"@context":"https:\/\/schema.org","@graph":[{"@type":"WebPage","@id":"https:\/\/alashotel.com\/","url":"https:\/\/alashotel.com\/","name":"Hotel - ALAS Hotel | En pleno coraz\u00f3n de la Costa Dorada","isPartOf":{"@id":"https:\/\/alashotel.com\/#website"},"datePublished":"2024-08-02T10:09:32+00:00","dateModified":"2025-02-12T12:54:19+00:00","description":"Al cor de la Costa Daurada, a l'Hospitalet de l'Infant, ubicat en un lloc estrat\u00e8gic, trobareu ALAS Hotel, un lloc per descansar.","breadcrumb":{"@id":"https:\/\/alashotel.com\/#breadcrumb"},"inLanguage":"ca","potentialAction":[{"@type":"ReadAction","target":["https:\/\/alashotel.com\/"]}]},{"@type":"BreadcrumbList","@id":"https:\/\/alashotel.com\/#breadcrumb","itemListElement":[{"@type":"ListItem","position":1,"name":"Portada","item":"https:\/\/alashotel.com\/"},{"@type":"ListItem","position":2,"name":"Hotel"}]},{"@type":"WebSite","@id":"https:\/\/alashotel.com\/#website","url":"https:\/\/alashotel.com\/","name":"ALAS Hotel | En pleno coraz\u00f3n de la Costa Dorada","description":"Hotel Alas es un elegante y moderno hotel situado en la Costa Daurada, dedicado a ofrecer una experiencia de calidad y un servicio personalizado. Somos tu mejor opci\u00f3n para disfrutar de una estancia c\u00f3moda y memorable.","potentialAction":[{"@type":"SearchAction","target":{"@type":"EntryPoint","urlTemplate":"https:\/\/alashotel.com\/?s={search_term_string}"},"query-input":{"@type":"PropertyValueSpecification","valueRequired":true,"valueName":"search_term_string"}}],"inLanguage":"ca"}]}},"_links":{"self":[{"href":"https:\/\/alashotel.com\/ca\/wp-json\/wp\/v2\/pages\/9251","targetHints":{"allow":["GET"]}}],"collection":[{"href":"https:\/\/alashotel.com\/ca\/wp-json\/wp\/v2\/pages"}],"about":[{"href":"https:\/\/alashotel.com\/ca\/wp-json\/wp\/v2\/types\/page"}],"author":[{"embeddable":true,"href":"https:\/\/alashotel.com\/ca\/wp-json\/wp\/v2\/users\/1"}],"replies":[{"embeddable":true,"href":"https:\/\/alashotel.com\/ca\/wp-json\/wp\/v2\/comments?post=9251"}],"version-history":[{"count":11,"href":"https:\/\/alashotel.com\/ca\/wp-json\/wp\/v2\/pages\/9251\/revisions"}],"predecessor-version":[{"id":9765,"href":"https:\/\/alashotel.com\/ca\/wp-json\/wp\/v2\/pages\/9251\/revisions\/9765"}],"wp:attachment":[{"href":"https:\/\/alashotel.com\/ca\/wp-json\/wp\/v2\/media?parent=9251"}],"curies":[{"name":"wp","href":"https:\/\/api.w.org\/{rel}","templated":true}]}}